{"id":1011,"date":"2020-10-12T10:08:38","date_gmt":"2020-10-12T13:08:38","guid":{"rendered":"http:\/\/fbpf.org.br\/site\/?page_id=1011"},"modified":"2024-10-23T05:37:36","modified_gmt":"2024-10-23T08:37:36","slug":"appels-de-la-fbpf","status":"publish","type":"page","link":"https:\/\/fbpf.org.br\/site\/appels-de-la-fbpf\/","title":{"rendered":"Appels de la FBPF"},"content":{"rendered":"\n<h4 class=\"wp-block-heading\"><strong>2024<\/strong><\/h4>\n\n\n\n<ul class=\"wp-block-list\">\n<li><a href=\"https:\/\/fbpf.org.br\/site\/destaque\/appel-a-candidatures-stage-spcd-cavilam-2024\/\"><strong>APPEL A CANDIDATURES \u2013 STAGE SPCD CAVILAM 2024<\/strong><\/a><br><a href=\"https:\/\/fbpf.org.br\/site\/apples\/resultats-de-la-selection-cavilam-2024\/\">R\u00e9sultats Bourses CAVILAM 2024<\/a><\/li>\n<\/ul>\n\n\n\n<hr class=\"wp-block-separator has-alpha-channel-opacity is-style-wide\" id=\"2023\"\/>\n\n\n\n<h4 class=\"wp-block-heading\"><strong>2023<\/strong><\/h4>\n\n\n\n<ul class=\"wp-block-list\">\n<li><a href=\"https:\/\/fbpf.org.br\/site\/apples\/appel-a-candidatures-stage-spcd-cavilam-2023\/\"><strong>APPEL A CANDIDATURES \u2013 STAGE SPCD CAVILAM 2023<\/strong><\/a><br><a href=\"https:\/\/fbpf.org.br\/site\/apples\/resultats-bourses-cavilam-2023\/\">R\u00e9sultats Bourses CAVILAM 2023<\/a><\/li>\n\n\n\n<li><strong><a href=\"https:\/\/fbpf.org.br\/site\/apples\/bourses-master-fle-antilles-2023\/\">Bourses Master FLE Antilles 2023<\/a><\/strong><br><a href=\"https:\/\/fbpf.org.br\/site\/apples\/resultats-de-la-selection-bolsas-master-fle-universite-des-antilles\/\">R\u00e9sultats de la S\u00e9l\u00e9ction \u2013 Bolsas Master FLE \u2013 Universit\u00e9 des Antilles<\/a><\/li>\n<\/ul>\n\n\n\n<hr class=\"wp-block-separator has-alpha-channel-opacity is-style-wide\" id=\"2022\"\/>\n\n\n\n<h4 class=\"wp-block-heading\"><strong>2022<\/strong><\/h4>\n\n\n\n<ul class=\"wp-block-list\">\n<li><a href=\"https:\/\/fbpf.org.br\/site\/apples\/appel-a-candidatures-stage-spcd-cavilam\/\"><strong>APPEL A CANDIDATURES \u2013 STAGE SPCD CAVILAM<\/strong><\/a><br><a href=\"https:\/\/fbpf.org.br\/site\/apples\/resultats-stage-de-courte-duree-au-cavilam-2022\/\">R\u00c9SULTATS \u2013 Stage de courte dur\u00e9e au CAVILAM 2022<\/a><\/li>\n<\/ul>\n\n\n\n<hr class=\"wp-block-separator has-alpha-channel-opacity is-style-wide\" id=\"2021\"\/>\n\n\n\n<h4 class=\"wp-block-heading\"><strong>2021<\/strong><\/h4>\n\n\n\n<ol class=\"wp-block-list\">\n<li><strong>Appel de l\u2019Ambassade de France en partenariat avec la FBPF&nbsp;: Master FLE Universit\u00e9 des Antilles<\/strong>\n<ul class=\"wp-block-list\">\n<li>Calendrier inscription&nbsp;: 22 avril au 7 mai 2021<\/li>\n\n\n\n<li>Calendrier formation&nbsp;: d\u2019octobre 2021 \u00e0 avril 2022<\/li>\n\n\n\n<li>Pour avoir plus d\u2019informations sur le programme (contenu, calendrier et modalit\u00e9s de candidature)&nbsp;: <a rel=\"noreferrer noopener\" href=\"http:\/\/fbpf.org.br\/arquivos\/Appel_a_candidature_Master_FLE_Antilles_VFinale.pdf\" target=\"_blank\">Cliquez ici<\/a><\/li>\n\n\n\n<li>Pour candidater&nbsp;: <a rel=\"noreferrer noopener\" href=\"http:\/\/fbpf.org.br\/arquivos\/Annexe1-Master_1_FLE_V2.docx\" target=\"_blank\">Cliquez ici<\/a><\/li>\n\n\n\n<li>R\u00e9sultats&nbsp;:<br> <\/li>\n<\/ul>\n<\/li>\n\n\n\n<li><strong>Appel de la FBPF en partenariat avec le Bureau du Qu\u00e9bec \u00e0 S\u00e3o Paulo&nbsp;:<\/strong>\n<ul class=\"wp-block-list\">\n<li><a href=\"https:\/\/fbpf.org.br\/site\/noticia\/selecao-relampago-para-a-formacao-a-distancia-sotaquebec\/\">SELE\u00c7\u00c3O REL\u00c2MPAGO PARA A FORMA\u00c7\u00c3O A DIST\u00c2NCIA SOTAQU\u00c9BEC \u2013 BOURSES DE FAMILIARISATION<\/a><br><\/li>\n<\/ul>\n<\/li>\n\n\n\n<li><strong>Appel \u00e0 projets &#8211; JIPF 2021<\/strong>\n<ul class=\"wp-block-list\">\n<li><a rel=\"noreferrer noopener\" href=\"http:\/\/fbpf.org.br\/arquivos\/FBPF_Edital_03_2021_JIPF.pdf\" target=\"_blank\">Edital 03\/2021<\/a><\/li>\n\n\n\n<li><a rel=\"noreferrer noopener\" href=\"http:\/\/fbpf.org.br\/arquivos\/FBPF_Anexo_2_Edital_03_2021_JIPF.docx\" target=\"_blank\">Annexe 2 &#8211; Identification de l&#8217;APF<\/a><\/li>\n\n\n\n<li><a rel=\"noreferrer noopener\" href=\"http:\/\/fbpf.org.br\/arquivos\/FBPF_Anexo_3_Edital_2021_JIPF.docx\" target=\"_blank\">Annexe 3 &#8211; Formulaire D\u2019engagement<\/a><br><\/li>\n<\/ul>\n<\/li>\n\n\n\n<li><strong>Appel \u00e0 candidature de l&#8217;Ambassade de France en partenariat avec la FBPF<\/strong>\n<ul class=\"wp-block-list\">\n<li><a rel=\"noreferrer noopener\" href=\"http:\/\/fbpf.org.br\/arquivos\/Bourses_pedagogiques_de_courte_duree.pdf\" target=\"_blank\">Bourses p\u00e9dagogiques de courte dur\u00e9e<\/a><\/li>\n\n\n\n<li><a rel=\"noreferrer noopener\" href=\"http:\/\/fbpf.org.br\/arquivos\/Formations-thematiques_enseigner-le-FLE-aujourdhui-2021.pdf\" target=\"_blank\">Formations th\u00e9matiques \u2013 Enseigner le FLE aujourd\u2019hui<\/a><\/li>\n\n\n\n<li><a rel=\"noreferrer noopener\" href=\"http:\/\/fbpf.org.br\/arquivos\/formation-de-coordinateur-pedagogique-2021.pdf\" target=\"_blank\">Formation de coordinateur p\u00e9dagogique<\/a><\/li>\n\n\n\n<li><a rel=\"noreferrer noopener\" href=\"http:\/\/fbpf.org.br\/arquivos\/annexe_dgs-urgent_no2021_99-infographie.pdf\" target=\"_blank\">Annexe DGS<\/a><\/li>\n\n\n\n<li><a rel=\"noreferrer noopener\" href=\"http:\/\/fbpf.org.br\/arquivos\/Fiche_de_candidature_stage_cavilam.docx\" target=\"_blank\">Fiche de candidature<\/a><br>(\ud83d\udc46&nbsp;baixe o arquivo do word, preencha e envie, conforme instru\u00e7\u00f5es da carta acima)<\/li>\n\n\n\n<li><strong><a href=\"http:\/\/fbpf.org.br\/arquivos\/Novembre_Annonce_Bourse_SPCD_FBPF_2021.pdf\" target=\"_blank\" rel=\"noreferrer noopener\">R\u00e9sultats de l&#8217;Appel \u00e0 candidatures<\/a><\/strong><\/li>\n<\/ul>\n<\/li>\n<\/ol>\n\n\n\n<hr class=\"wp-block-separator has-alpha-channel-opacity is-style-wide\" id=\"2020\"\/>\n\n\n\n<h4 class=\"wp-block-heading\"><strong>2020<\/strong><\/h4>\n\n\n\n<p><strong>Appel \u00e0 formation de la FBPF en partenariat avec l&#8217;Ambassade de France au Br\u00e9sil<\/strong><\/p>\n\n\n\n<ul class=\"wp-block-list recuo_block\">\n<li><a rel=\"noreferrer noopener\" href=\"http:\/\/fbpf.org.br\/arquivos\/appel_a_candidature_focus_jeune_public_corrigido.pdf\" target=\"_blank\">APPEL \u00c0 CANDIDATURES<\/a><\/li>\n\n\n\n<li><a rel=\"noreferrer noopener\" href=\"http:\/\/www.fbpf.org.br\/arquivos\/Annexe1_Fiche_de_candidature_FOCUS_JEUNE_PUBLIC.docx\" target=\"_blank\">Annexe 1 &#8211; Fiche de candidature<\/a><\/li>\n\n\n\n<li><strong>R\u00e9sultats:<\/strong><\/li>\n<\/ul>\n\n\n\n<figure class=\"wp-block-image size-large is-style-default\"><img loading=\"lazy\" decoding=\"async\" width=\"358\" height=\"235\" src=\"https:\/\/fbpf.org.br\/site\/wp-content\/uploads\/2020\/12\/image.png\" alt=\"\" class=\"wp-image-1899\" srcset=\"https:\/\/fbpf.org.br\/site\/wp-content\/uploads\/2020\/12\/image.png 358w, https:\/\/fbpf.org.br\/site\/wp-content\/uploads\/2020\/12\/image-300x197.png 300w\" sizes=\"auto, (max-width: 358px) 100vw, 358px\" \/><\/figure>\n\n\n\n<hr class=\"wp-block-separator has-css-opacity is-style-wide\"\/>\n\n\n\n<p><strong>Edital 04\/2020 : Appui aux activit\u00e9s des APF pour la Journ\u00e9e Internationale des Professeurs de Fran\u00e7ais<\/strong><\/p>\n\n\n\n<ul class=\"wp-block-list recuo_block\">\n<li><a href=\"http:\/\/www.fbpf.org.br\/arquivos\/FBPF_Edital_04_2020_JIPF_versao_finale.pdf\" target=\"_blank\" rel=\"noreferrer noopener\">Edital n.4\/2020<\/a><\/li>\n\n\n\n<li><a href=\"http:\/\/www.fbpf.org.br\/arquivos\/FBPF_Anexo_1_ Edital_4_2020_Documento_FIPF.pdf\" target=\"_blank\" rel=\"noreferrer noopener\">Anexo 1 &#8211; Le Jour du prof de fran\u00e7ais &#8211; Mode d&#8217;emploi<\/a><\/li>\n\n\n\n<li><a href=\"http:\/\/www.fbpf.org.br\/arquivos\/FBPF_Anexo_2_Edital_04_2020_JIPF_version_finale.docx\" target=\"_blank\" rel=\"noreferrer noopener\">Anexo 2 &#8211; IDENTIFICATION DE L\u2019APF<\/a><\/li>\n\n\n\n<li><a href=\"http:\/\/www.fbpf.org.br\/arquivos\/FBPF_Anexo_3_Edital_04_2020_JIPF_version_finale.docx\" target=\"_blank\" rel=\"noreferrer noopener\">Anexo 3 &#8211; FORMULAIRE D\u2019ENGAGEMENT<\/a><\/li>\n<\/ul>\n\n\n\n<hr class=\"wp-block-separator has-css-opacity is-style-wide\"\/>\n\n\n\n<p>Voici la liste des candidats retenus suite \u00e0 notre appel \u00e0 candidatures pour les formations du <strong>BELC Uruguay<\/strong>, <strong>PROFLE<\/strong>+ ainsi que <strong>le Master FLE.<\/strong><\/p>\n\n\n\n<p><strong>&nbsp; &nbsp; &nbsp; &#8211; BELC Uruguay &#8211; 6 bourses:<\/strong><\/p>\n\n\n\n<ul class=\"wp-block-list recuo_block\">\n<li><strong>BORGES DE ALMEIDA Vinicus<\/strong><\/li>\n\n\n\n<li><strong>GAZZIERO TOMAZI Thaisa Maria<\/strong><\/li>\n\n\n\n<li><strong>OLIVEIRA DE ANDRADE Junior Waldemar<\/strong><\/li>\n\n\n\n<li><strong>PEREIRA SILVA Angela Maria<\/strong><\/li>\n\n\n\n<li><strong>PEVERADA FERNANDES Marcos Ronei<\/strong><\/li>\n\n\n\n<li><strong>SILVA Adrian Luiz<\/strong><\/li>\n<\/ul>\n\n\n\n<p><strong>&nbsp; &nbsp; &nbsp; &#8211; PROFLE+ &#8211; 12 bourses:<\/strong><\/p>\n\n\n\n<ul class=\"wp-block-list recuo_block\">\n<li><strong>CAMPOS BRASIL GUIMAR\u00c3ES Carla Cristina<\/strong><\/li>\n\n\n\n<li><strong>DA TRINIDADE DAMASCENO Josiane<\/strong><\/li>\n\n\n\n<li><strong>DAHER Claudia Helena<\/strong><\/li>\n\n\n\n<li><strong>DIAS Anne Louise<\/strong><\/li>\n\n\n\n<li><strong>FEITOSA DE ALMEIDA Thais<\/strong><\/li>\n\n\n\n<li><strong>GARIN St\u00e9phane<\/strong><\/li>\n\n\n\n<li><strong>PUNTEL MOTTA ALEM Branca<\/strong><\/li>\n\n\n\n<li><strong>RODRIGUES SUIZANI Ronie<\/strong><\/li>\n\n\n\n<li><strong>SOUZA DOS SANTOS GOMES Ivonete<\/strong><\/li>\n\n\n\n<li><strong>TEIXEIRA MAGALH\u00c3ES Jessica<\/strong><\/li>\n\n\n\n<li><strong>TOMAZI Thays<\/strong><\/li>\n\n\n\n<li><strong>ZAJACZKOWSKI&nbsp;Helena<\/strong><\/li>\n<\/ul>\n\n\n\n<p>&nbsp;&nbsp;<br><strong>&nbsp; &nbsp;&nbsp; &#8211; Master 1 FLE, Universit\u00e9 des Antilles &#8211; 6 bourses:<\/strong><\/p>\n\n\n\n<ul class=\"wp-block-list recuo_block\">\n<li><strong>Elizangela Manoela<\/strong><\/li>\n\n\n\n<li><strong>COMPULSIONE Raquel<\/strong><\/li>\n\n\n\n<li><strong>MYNSSENN DA FONSECA CASTRO MELLO Pedrita<\/strong><\/li>\n\n\n\n<li><strong>PERARO DA SILVA Cibele<\/strong><\/li>\n\n\n\n<li><strong>SIMAS PINTO Tess<\/strong><\/li>\n\n\n\n<li><strong>SOARES KOYANO Amayi Luisa<\/strong><\/li>\n<\/ul>\n\n\n\n<p>Partenariat Ambassade de France et FBPF<\/p>\n\n\n\n<p><img loading=\"lazy\" decoding=\"async\" src=\"http:\/\/www.fbpf.org.br\/images\/pdf-icon.png\" width=\"25\" height=\"25\"><strong><a rel=\"noreferrer noopener\" href=\"http:\/\/www.fbpf.org.br\/arquivos\/Laureats_appels_2020_Partenariat_Ambassade_France_FBPF.pdf\" target=\"_blank\"> Baixe aqui a lista de candidatos em PDF<\/a><\/strong><\/p>\n\n\n\n<hr class=\"wp-block-separator has-css-opacity is-style-wide\"\/>\n\n\n\n<figure class=\"wp-block-image\"><img decoding=\"async\" src=\"http:\/\/www.fbpf.org.br\/images\/belc_uruguay2020.png\" alt=\"Belc Uruguay 2020\"\/><\/figure>\n\n\n\n<ul class=\"wp-block-list\">\n<li><a href=\"http:\/\/www.fbpf.org.br\/arquivos\/Appel_a_candidature_V9.pdf\" target=\"_blank\" rel=\"noreferrer noopener\">Appel \u00e0 candidatures<\/a><\/li>\n\n\n\n<li><a href=\"http:\/\/www.fbpf.org.br\/arquivos\/Annexe-1_BELC_Regional.docx\" target=\"_blank\" rel=\"noreferrer noopener\">BELC Uruguay<\/a><\/li>\n\n\n\n<li><a href=\"http:\/\/www.fbpf.org.br\/arquivos\/Annexe-1_PROFLE_plus.docx\" target=\"_blank\" rel=\"noreferrer noopener\">PROFLE+<\/a><\/li>\n\n\n\n<li><a href=\"http:\/\/www.fbpf.org.br\/arquivos\/Annexe-1_master1_FLE.docx\" target=\"_blank\" rel=\"noreferrer noopener\">Master 1 &#8211; Universit\u00e9 des Antilles<\/a><\/li>\n<\/ul>\n\n\n\n<hr class=\"wp-block-separator has-alpha-channel-opacity is-style-wide\" id=\"2019\"\/>\n\n\n\n<h4 class=\"wp-block-heading\"><strong>2019<a rel=\"noreferrer noopener\" href=\"https:\/\/www.cavilam.com\/project\/master-1-de-francais-langue-etrangere\/\" target=\"_blank\"><\/a><\/strong><\/h4>\n\n\n\n<p><strong>SELE\u00c7\u00c3O PARA BOLSA DE ESTUDOS PARA A FORMA\u00c7\u00c3O<br>N\u00cdVEL MASTER 1 \u2013 CAVILAM \u2013 VICHY, FRAN\u00c7A<\/strong><\/p>\n\n\n<div class=\"wp-block-image\">\n<figure class=\"alignleft size-large\"><img decoding=\"async\" src=\"https:\/\/www.cavilam.com\/wp-content\/uploads\/2018\/05\/logo-site-1.png\" alt=\"\"\/><\/figure>\n<\/div>\n\n\n<ul class=\"wp-block-list\">\n<li><a href=\"http:\/\/www.fbpf.org.br\/arquivos\/FBPF_Edital_01_2019_Bourse_Master_1.pdf\" target=\"_blank\" rel=\"noreferrer noopener\">EDITAL<\/a><\/li>\n\n\n\n<li><a href=\"http:\/\/www.fbpf.org.br\/arquivos\/ANEXO_1_Orientacoes_para_Dossier_Candidature.pdf\" target=\"_blank\" rel=\"noreferrer noopener\">ANEXO 1 &#8211; Orienta\u00e7\u00f5es para Dossier de Candidatures<\/a><\/li>\n\n\n\n<li><a href=\"http:\/\/www.fbpf.org.br\/arquivos\/ANEXO_2_Formulaire_etudes_a_completer.docx\" target=\"_blank\" rel=\"noreferrer noopener\">ANEXO 2 &#8211; FORMULAIRE DE CANDIDATURE<\/a><\/li>\n\n\n\n<li><a href=\"http:\/\/www.fbpf.org.br\/arquivos\/ANEXO_3_VERITE_a_completer_signer.docx\" target=\"_blank\" rel=\"noreferrer noopener\">ANEXO 3 &#8211; Declara\u00e7\u00e3o de Verdade<\/a><\/li>\n<\/ul>\n\n\n\n<p><strong>R\u00e9sultat de l&#8217;Appel n. 1\/ 2019 Bourses Master 1 &#8211; Cavilam\/ Universit\u00e9 Clermont Auvergne<\/strong><\/p>\n\n\n\n<figure class=\"wp-block-image\"><a href=\"http:\/\/www.fbpf.org.br\/arquivos\/Lettre_resultat_appel_1_2019.pdf\" target=\"_blank\" rel=\"noreferrer noopener\"><img decoding=\"async\" src=\"http:\/\/www.fbpf.org.br\/images\/Lettre_resultat_appel_1_2019.png\" alt=\"Resultados\"\/><\/a><\/figure>\n\n\n\n<hr class=\"wp-block-separator has-alpha-channel-opacity is-style-wide\" id=\"2018\"\/>\n\n\n\n<h4 class=\"wp-block-heading\"><strong>2018<\/strong><\/h4>\n\n\n\n<figure class=\"wp-block-table\"><table><tbody><tr><td><img decoding=\"async\" src=\"http:\/\/www.fbpf.org.br\/images\/belc_enseignants2019.jpg\" alt\"les=\"\" enseignants=\"\" denilson=\"\" et=\"\" ricardo=\"\" nous=\"\" envoient=\"\" cette=\"\" photo=\"\" de=\"\" la=\"\" formation=\"\" belc=\"\" buenos=\"\" aires.\"=\"\" width=\"350\"><\/td><td><img decoding=\"async\" src=\"http:\/\/www.fbpf.org.br\/images\/belc_enseignants2_2019.jpg\" alt=\"Mm\u00e9 Petillon, Denilson et Ricardo.\" width=\"350\"><\/td><\/tr><\/tbody><\/table><\/figure>\n\n\n\n<hr class=\"wp-block-separator has-css-opacity is-style-wide\"\/>\n\n\n<div class=\"wp-block-image\">\n<figure class=\"alignleft size-large is-resized\"><img decoding=\"async\" src=\"http:\/\/www.fbpf.org.br\/images\/clep2019.png\" alt=\"\" style=\"width:237px;height:174px\"\/><\/figure>\n<\/div>\n\n\n<ul class=\"wp-block-list\">\n<li><a rel=\"noreferrer noopener\" href=\"http:\/\/www.ciep.fr\/belc\/universites-regionales\/buenos-aires-2019\" target=\"_blank\"><\/a><a rel=\"noreferrer noopener\" href=\"http:\/\/www.fbpf.org.br\/arquivos\/Edital_03_2018_FBPF_Apoio_participacao_BELC_BA_Argentina.pdf\" target=\"_blank\">Edital 03\/2018: SELE\u00c7\u00c3O REL\u00c2MPAGO PARA APOIO PARA<\/a><\/li>\n\n\n\n<li><a rel=\"noreferrer noopener\" href=\"http:\/\/www.fbpf.org.br\/arquivos\/Edital_03_2018_FBPF_Apoio_participacao_BELC_BA_Argentina.pdf\" target=\"_blank\">PARTICIPA\u00c7\u00c3O NA FORMA\u00c7\u00c3O UNIVERSIT\u00c9 BELC BUENOS AIRES\u2013 ARGENTINA \u2013 FEVEREIRO DE 2019<\/a><\/li>\n\n\n\n<li>&nbsp; <a rel=\"noreferrer noopener\" href=\"http:\/\/www.fbpf.org.br\/arquivos\/Edital_03_2018_FBPF_Apoio_participacao_BELC_BA_Argentina_retificacao.pdf\" target=\"_blank\">Edital 03\/2018: RETIFICA\u00c7\u00c3O<\/a><\/li>\n\n\n\n<li>&nbsp; <a rel=\"noreferrer noopener\" href=\"http:\/\/www.fbpf.org.br\/arquivos\/Edital_03_2018_BELC_BA_An_1.docx\" target=\"_blank\">ANEXO 1 \u2013 DOSSIER DE CANDIDATURE<\/a><\/li>\n\n\n\n<li>&nbsp; <a rel=\"noreferrer noopener\" href=\"http:\/\/www.fbpf.org.br\/arquivos\/Edital_03_2018_BELC_BA_An_2.docx\" target=\"_blank\">ANEXO 2 \u2013 GRILLE PR\u00c9REMPLIE PAR LE\/LA CANDIDATE<\/a><\/li>\n\n\n\n<li>&nbsp; <a rel=\"noreferrer noopener\" href=\"http:\/\/www.fbpf.org.br\/arquivos\/Edital_03_2018_BELC_BA_An_3.docx\" target=\"_blank\">ANEXO 3 \u2013 DECLARA\u00c7\u00c3O DE VERDADE<\/a><\/li>\n<\/ul>\n\n\n\n<ul class=\"wp-block-list\">\n<li><strong><a href=\"http:\/\/www.fbpf.org.br\/arquivos\/Edital_01_2018_FBPF_Culturetheque_final.pdf\" target=\"_blank\" rel=\"noreferrer noopener\">Appel n. 1\/ 2018<br>&nbsp;<\/a><\/strong><\/li>\n\n\n\n<li><strong><a href=\"http:\/\/www.fbpf.org.br\/arquivos\/Edital_02_2018_FBPF_Bourse_CLA_Besancon.pdf\" target=\"_blank\" rel=\"noreferrer noopener\">Appel n. 2\/ 2018<\/a><\/strong>\n<ul class=\"wp-block-list\">\n<li><a href=\"http:\/\/www.fbpf.org.br\/arquivos\/Edital_02_2018_FBPF_An_1.docx\" target=\"_blank\" rel=\"noreferrer noopener\">ANEXO 1 \u2013 DOSSIER DE CANDIDATURE<\/a><\/li>\n\n\n\n<li><a href=\"http:\/\/www.fbpf.org.br\/arquivos\/Edital_02_2018_FBPF_An_2.docx\" target=\"_blank\" rel=\"noreferrer noopener\">ANEXO 2 \u2013 GRILLE PR\u00c9REMPLIE PAR LE\/LA CANDIDATE<\/a><\/li>\n<\/ul>\n<\/li>\n<\/ul>\n","protected":false},"excerpt":{"rendered":"<p>2024 2023 2022 2021 2020 Appel \u00e0 formation de la FBPF en partenariat avec l&#8217;Ambassade de France au Br\u00e9sil Edital 04\/2020 : Appui aux activit\u00e9s des APF pour la Journ\u00e9e Internationale des Professeurs de Fran\u00e7ais Voici la liste des candidats retenus suite \u00e0 notre appel \u00e0 candidatures pour les formations du BELC Uruguay, PROFLE+ ainsi<\/p>\n<p class=\"more-link-wrapper\"><a href=\"https:\/\/fbpf.org.br\/site\/appels-de-la-fbpf\/\" class=\"more-link\">Continue de lire<span class=\"screen-reader-text\"> &#8220;Appels de la FBPF&#8221;<\/span><\/a><\/p>\n","protected":false},"author":2,"featured_media":0,"parent":0,"menu_order":0,"comment_status":"closed","ping_status":"closed","template":"","meta":{"footnotes":""},"class_list":["post-1011","page","type-page","status-publish","hentry"],"featured_image_src":null,"_links":{"self":[{"href":"https:\/\/fbpf.org.br\/site\/wp-json\/wp\/v2\/pages\/1011","targetHints":{"allow":["GET"]}}],"collection":[{"href":"https:\/\/fbpf.org.br\/site\/wp-json\/wp\/v2\/pages"}],"about":[{"href":"https:\/\/fbpf.org.br\/site\/wp-json\/wp\/v2\/types\/page"}],"author":[{"embeddable":true,"href":"https:\/\/fbpf.org.br\/site\/wp-json\/wp\/v2\/users\/2"}],"replies":[{"embeddable":true,"href":"https:\/\/fbpf.org.br\/site\/wp-json\/wp\/v2\/comments?post=1011"}],"version-history":[{"count":52,"href":"https:\/\/fbpf.org.br\/site\/wp-json\/wp\/v2\/pages\/1011\/revisions"}],"predecessor-version":[{"id":3651,"href":"https:\/\/fbpf.org.br\/site\/wp-json\/wp\/v2\/pages\/1011\/revisions\/3651"}],"wp:attachment":[{"href":"https:\/\/fbpf.org.br\/site\/wp-json\/wp\/v2\/media?parent=1011"}],"curies":[{"name":"wp","href":"https:\/\/api.w.org\/{rel}","templated":true}]}}