{"id":1145,"date":"2020-10-17T13:52:15","date_gmt":"2020-10-17T16:52:15","guid":{"rendered":"http:\/\/fbpf.org.br\/site\/?page_id=1145"},"modified":"2020-10-17T14:15:28","modified_gmt":"2020-10-17T17:15:28","slug":"pelbresil-articles","status":"publish","type":"page","link":"https:\/\/fbpf.org.br\/site\/pelbresil-articles\/","title":{"rendered":"P.E.L.Br\u00e9sil &#8211; Articles"},"content":{"rendered":"\n<p class=\"justify\">Vous trouverez ici des articles, des pr\u00e9sentations et des informations sur les Politiques Educatives et Lingustiques au Br\u00e9sil. Ces textes seront en fran\u00e7ais et en portugais avec des renseignements sur la politique \u00e9ducative et linguistique au Br\u00e9sil. L\u2019id\u00e9e de mettre \u00e0 la disposition des membres de la FBPF et de la communaut\u00e9 en g\u00e9n\u00e9ral ce type de donn\u00e9es est n\u00e9e \u00e0 l\u2019occasion du symposium sur La Vie Associative pendant la XXII\u00e8me \u00e9dition du Congr\u00e8s Br\u00e9silien des Professeurs qui a eu \u00e0 Brasilia, en octobre 2019.<\/p>\n\n\n\n<ul class=\"wp-block-list\"><li><a href=\"http:\/\/www2.unifap.br\/letras\/files\/2020\/08\/EBOOK-O-USO-DAS-NOVAS-TECNOLOGIAS-NA-FORMA%C3%87%C3%83O-DE-PROFESSORES-DE-L%C3%8DNGUAS-ESTRANGEIRAS.pdf\" target=\"_blank\" rel=\"noreferrer noopener\"><strong>O Uso das Novas Tecnologias na Forma\u00e7\u00e3o de Professores de L\u00ednguas Estrangeiras<\/strong> &#8211; Aldenice de Andrade Couto, \u00c9rika Pinto de Azevedo e Rosivaldo Gomes, organizadores &#8211; Editora Espa\u00e7o Acad\u00eamico<\/a><\/li><li><a href=\"http:\/\/www.fbpf.org.br\/arquivos\/os_rumos_do_fundeb-paulo_martins_sena-revista_pesquisa_e_debate_em_educacao.pdf\" target=\"_blank\" rel=\"noreferrer noopener\"><strong>Os Rumos do Fundeb<\/strong> &#8211; Paulo Martins Sena &#8211; Revista Pesquisa e Debate em Educa\u00e7\u00e3o<\/a><\/li><\/ul>\n","protected":false},"excerpt":{"rendered":"<p>Vous trouverez ici des articles, des pr\u00e9sentations et des informations sur les Politiques Educatives et Lingustiques au Br\u00e9sil. Ces textes seront en fran\u00e7ais et en portugais avec des renseignements sur la politique \u00e9ducative et linguistique au Br\u00e9sil. L\u2019id\u00e9e de mettre \u00e0 la disposition des membres de la FBPF et de la communaut\u00e9 en g\u00e9n\u00e9ral ce<\/p>\n<p class=\"more-link-wrapper\"><a href=\"https:\/\/fbpf.org.br\/site\/pelbresil-articles\/\" class=\"more-link\">Continue de lire<span class=\"screen-reader-text\"> &#8220;P.E.L.Br\u00e9sil &#8211; Articles&#8221;<\/span><\/a><\/p>\n","protected":false},"author":2,"featured_media":0,"parent":0,"menu_order":0,"comment_status":"closed","ping_status":"closed","template":"","meta":{"footnotes":""},"class_list":["post-1145","page","type-page","status-publish","hentry"],"featured_image_src":null,"_links":{"self":[{"href":"https:\/\/fbpf.org.br\/site\/wp-json\/wp\/v2\/pages\/1145","targetHints":{"allow":["GET"]}}],"collection":[{"href":"https:\/\/fbpf.org.br\/site\/wp-json\/wp\/v2\/pages"}],"about":[{"href":"https:\/\/fbpf.org.br\/site\/wp-json\/wp\/v2\/types\/page"}],"author":[{"embeddable":true,"href":"https:\/\/fbpf.org.br\/site\/wp-json\/wp\/v2\/users\/2"}],"replies":[{"embeddable":true,"href":"https:\/\/fbpf.org.br\/site\/wp-json\/wp\/v2\/comments?post=1145"}],"version-history":[{"count":5,"href":"https:\/\/fbpf.org.br\/site\/wp-json\/wp\/v2\/pages\/1145\/revisions"}],"predecessor-version":[{"id":1170,"href":"https:\/\/fbpf.org.br\/site\/wp-json\/wp\/v2\/pages\/1145\/revisions\/1170"}],"wp:attachment":[{"href":"https:\/\/fbpf.org.br\/site\/wp-json\/wp\/v2\/media?parent=1145"}],"curies":[{"name":"wp","href":"https:\/\/api.w.org\/{rel}","templated":true}]}}