{"id":1149,"date":"2020-10-17T13:55:59","date_gmt":"2020-10-17T16:55:59","guid":{"rendered":"http:\/\/fbpf.org.br\/site\/?page_id=1149"},"modified":"2021-09-20T10:54:46","modified_gmt":"2021-09-20T13:54:46","slug":"pelbresil-presentation","status":"publish","type":"page","link":"https:\/\/fbpf.org.br\/site\/pelbresil-presentation\/","title":{"rendered":"P.E.L.Br\u00e9sil \u2013 Pr\u00e9sentation"},"content":{"rendered":"\n<p class=\"justify\">Vous trouverez ici des articles, des pr\u00e9sentations et des informations sur les Politiques Educatives et Lingustiques au Br\u00e9sil. Ces textes seront en fran\u00e7ais et en portugais avec des renseignements sur la politique \u00e9ducative et linguistique au Br\u00e9sil. L\u2019id\u00e9e de mettre \u00e0 la disposition des membres de la FBPF et de la communaut\u00e9 en g\u00e9n\u00e9ral ce type de donn\u00e9es est n\u00e9e \u00e0 l\u2019occasion du symposium sur La Vie Associative pendant la XXII\u00e8me \u00e9dition du Congr\u00e8s Br\u00e9silien des Professeurs qui a eu \u00e0 Brasilia, en octobre 2019.<\/p>\n","protected":false},"excerpt":{"rendered":"<p>Vous trouverez ici des articles, des pr\u00e9sentations et des informations sur les Politiques Educatives et Lingustiques au Br\u00e9sil. Ces textes seront en fran\u00e7ais et en portugais avec des renseignements sur la politique \u00e9ducative et linguistique au Br\u00e9sil. L\u2019id\u00e9e de mettre \u00e0 la disposition des membres de la FBPF et de la communaut\u00e9 en g\u00e9n\u00e9ral ce<\/p>\n<p class=\"more-link-wrapper\"><a href=\"https:\/\/fbpf.org.br\/site\/pelbresil-presentation\/\" class=\"more-link\">Continue de lire<span class=\"screen-reader-text\"> &#8220;P.E.L.Br\u00e9sil \u2013 Pr\u00e9sentation&#8221;<\/span><\/a><\/p>\n","protected":false},"author":2,"featured_media":0,"parent":0,"menu_order":0,"comment_status":"closed","ping_status":"closed","template":"","meta":{"footnotes":""},"class_list":["post-1149","page","type-page","status-publish","hentry"],"featured_image_src":null,"_links":{"self":[{"href":"https:\/\/fbpf.org.br\/site\/wp-json\/wp\/v2\/pages\/1149","targetHints":{"allow":["GET"]}}],"collection":[{"href":"https:\/\/fbpf.org.br\/site\/wp-json\/wp\/v2\/pages"}],"about":[{"href":"https:\/\/fbpf.org.br\/site\/wp-json\/wp\/v2\/types\/page"}],"author":[{"embeddable":true,"href":"https:\/\/fbpf.org.br\/site\/wp-json\/wp\/v2\/users\/2"}],"replies":[{"embeddable":true,"href":"https:\/\/fbpf.org.br\/site\/wp-json\/wp\/v2\/comments?post=1149"}],"version-history":[{"count":3,"href":"https:\/\/fbpf.org.br\/site\/wp-json\/wp\/v2\/pages\/1149\/revisions"}],"predecessor-version":[{"id":2520,"href":"https:\/\/fbpf.org.br\/site\/wp-json\/wp\/v2\/pages\/1149\/revisions\/2520"}],"wp:attachment":[{"href":"https:\/\/fbpf.org.br\/site\/wp-json\/wp\/v2\/media?parent=1149"}],"curies":[{"name":"wp","href":"https:\/\/api.w.org\/{rel}","templated":true}]}}