{"id":1152,"date":"2020-10-17T13:59:19","date_gmt":"2020-10-17T16:59:19","guid":{"rendered":"http:\/\/fbpf.org.br\/site\/?page_id=1152"},"modified":"2022-03-30T08:04:55","modified_gmt":"2022-03-30T11:04:55","slug":"pelbresil-informations","status":"publish","type":"page","link":"https:\/\/fbpf.org.br\/site\/pelbresil-informations\/","title":{"rendered":"P.E.L.Br\u00e9sil \u2013 Informations"},"content":{"rendered":"\n<p class=\"justify\">Vous trouverez ici des articles, des pr\u00e9sentations et des informations sur les Politiques Educatives et Lingustiques au Br\u00e9sil. Ces textes seront en fran\u00e7ais et en portugais avec des renseignements sur la politique \u00e9ducative et linguistique au Br\u00e9sil. L\u2019id\u00e9e de mettre \u00e0 la disposition des membres de la FBPF et de la communaut\u00e9 en g\u00e9n\u00e9ral ce type de donn\u00e9es est n\u00e9e \u00e0 l\u2019occasion du symposium sur La Vie Associative pendant la XXII\u00e8me \u00e9dition du Congr\u00e8s Br\u00e9silien des Professeurs qui a eu \u00e0 Brasilia, en octobre 2019.<\/p>\n\n\n\n<h2 class=\"wp-block-heading\"><strong>2022<\/strong><\/h2>\n\n\n\n<ul class=\"recuo_block wp-block-list\"><li><strong>LIVE SERIES 2022<\/strong><br><a href=\"https:\/\/fbpf.org.br\/site\/wp-content\/uploads\/2022\/03\/LIVE-SERIES-2022.jpeg\" target=\"_blank\" rel=\"noreferrer noopener\"><img loading=\"lazy\" decoding=\"async\" width=\"200\" height=\"200\" class=\"wp-image-3144\" style=\"width: 200px;\" src=\"https:\/\/fbpf.org.br\/site\/wp-content\/uploads\/2022\/03\/LIVE-SERIES-2022.jpeg\" alt=\"LIVE SERIES 2022\" srcset=\"https:\/\/fbpf.org.br\/site\/wp-content\/uploads\/2022\/03\/LIVE-SERIES-2022.jpeg 1080w, https:\/\/fbpf.org.br\/site\/wp-content\/uploads\/2022\/03\/LIVE-SERIES-2022-300x300.jpeg 300w, https:\/\/fbpf.org.br\/site\/wp-content\/uploads\/2022\/03\/LIVE-SERIES-2022-1024x1024.jpeg 1024w, https:\/\/fbpf.org.br\/site\/wp-content\/uploads\/2022\/03\/LIVE-SERIES-2022-150x150.jpeg 150w, https:\/\/fbpf.org.br\/site\/wp-content\/uploads\/2022\/03\/LIVE-SERIES-2022-768x768.jpeg 768w, https:\/\/fbpf.org.br\/site\/wp-content\/uploads\/2022\/03\/LIVE-SERIES-2022-640x640.jpeg 640w\" sizes=\"auto, (max-width: 200px) 100vw, 200px\" \/><\/a><\/li><li><strong>Reforma do Ensino M\u00e9dio &#8211; entretien avec Helena Gon\u00e7alves<\/strong><br><a rel=\"noreferrer noopener\" href=\"https:\/\/fbpf.org.br\/site\/wp-content\/uploads\/2022\/03\/reforma_ensino_medio_ensino_linguas.jpg\" target=\"_blank\"><img loading=\"lazy\" decoding=\"async\" width=\"200\" height=\"168\" class=\"wp-image-3085\" style=\"width: 200px;\" src=\"https:\/\/fbpf.org.br\/site\/wp-content\/uploads\/2022\/03\/reforma_ensino_medio_ensino_linguas.jpg\" alt=\"\" srcset=\"https:\/\/fbpf.org.br\/site\/wp-content\/uploads\/2022\/03\/reforma_ensino_medio_ensino_linguas.jpg 828w, https:\/\/fbpf.org.br\/site\/wp-content\/uploads\/2022\/03\/reforma_ensino_medio_ensino_linguas-300x251.jpg 300w, https:\/\/fbpf.org.br\/site\/wp-content\/uploads\/2022\/03\/reforma_ensino_medio_ensino_linguas-768x644.jpg 768w\" sizes=\"auto, (max-width: 200px) 100vw, 200px\" \/><\/a><\/li><li><strong><a href=\"https:\/\/fbpf.org.br\/site\/noticia\/nota-chamada-26-2021-cnpq\/\">Nota sobre a Chamada 26\/2021 do CNPq<\/a><\/strong><br><img loading=\"lazy\" decoding=\"async\" width=\"300\" height=\"100\" class=\"wp-image-3014\" style=\"width: 300px;\" src=\"https:\/\/fbpf.org.br\/site\/wp-content\/uploads\/2022\/02\/Nota-Chamada_26-2021_CNPq.png\" alt=\"Nota-Chamada_26-2021_CNPq\" srcset=\"https:\/\/fbpf.org.br\/site\/wp-content\/uploads\/2022\/02\/Nota-Chamada_26-2021_CNPq.png 962w, https:\/\/fbpf.org.br\/site\/wp-content\/uploads\/2022\/02\/Nota-Chamada_26-2021_CNPq-300x100.png 300w, https:\/\/fbpf.org.br\/site\/wp-content\/uploads\/2022\/02\/Nota-Chamada_26-2021_CNPq-768x257.png 768w\" sizes=\"auto, (max-width: 300px) 100vw, 300px\" \/><\/li><\/ul>\n\n\n\n<h2 class=\"wp-block-heading\"><strong>2021<\/strong><\/h2>\n\n\n\n<ul class=\"recuo_block wp-block-list\"><li><a href=\"http:\/\/fbpf.org.br\/arquivos\/nota_capes_dezembro2021.pdf\" target=\"_blank\" rel=\"noreferrer noopener\"><strong>Nota das Associa\u00e7\u00f5es em Letras e Lingu\u00edstica sobre a demiss\u00e3o do diretor de avalia\u00e7\u00e3o da Capes<\/strong><\/a><\/li><li><strong><a href=\"https:\/\/fbpf.org.br\/site\/noticia\/rodas-de-conversa-escola-publica-entre-linguas-uff\/\">Rodas de Conversa: Escola P\u00fablica entre L\u00ednguas &#8211; UFF<\/a><\/strong><\/li><li><strong>Livres Rita Bessa<\/strong><br><img loading=\"lazy\" decoding=\"async\" width=\"150\" height=\"217\" class=\"wp-image-2646\" style=\"width: 150px;\" src=\"https:\/\/fbpf.org.br\/site\/wp-content\/uploads\/2021\/10\/LIVRO-scaled.jpg\" alt=\"Termos Franceses na Gastronomia do Brasil\" srcset=\"https:\/\/fbpf.org.br\/site\/wp-content\/uploads\/2021\/10\/LIVRO-scaled.jpg 1772w, https:\/\/fbpf.org.br\/site\/wp-content\/uploads\/2021\/10\/LIVRO-208x300.jpg 208w, https:\/\/fbpf.org.br\/site\/wp-content\/uploads\/2021\/10\/LIVRO-709x1024.jpg 709w, https:\/\/fbpf.org.br\/site\/wp-content\/uploads\/2021\/10\/LIVRO-768x1110.jpg 768w, https:\/\/fbpf.org.br\/site\/wp-content\/uploads\/2021\/10\/LIVRO-1063x1536.jpg 1063w, https:\/\/fbpf.org.br\/site\/wp-content\/uploads\/2021\/10\/LIVRO-1418x2048.jpg 1418w\" sizes=\"auto, (max-width: 150px) 100vw, 150px\" \/> <img loading=\"lazy\" decoding=\"async\" width=\"150\" height=\"201\" class=\"wp-image-2651\" style=\"width: 150px;\" src=\"https:\/\/fbpf.org.br\/site\/wp-content\/uploads\/2021\/10\/Livro-2-scaled.jpg\" alt=\"Termos Franceses na Gastronomia do Brasil 2\" srcset=\"https:\/\/fbpf.org.br\/site\/wp-content\/uploads\/2021\/10\/Livro-2-scaled.jpg 1912w, https:\/\/fbpf.org.br\/site\/wp-content\/uploads\/2021\/10\/Livro-2-224x300.jpg 224w, https:\/\/fbpf.org.br\/site\/wp-content\/uploads\/2021\/10\/Livro-2-765x1024.jpg 765w, https:\/\/fbpf.org.br\/site\/wp-content\/uploads\/2021\/10\/Livro-2-768x1028.jpg 768w, https:\/\/fbpf.org.br\/site\/wp-content\/uploads\/2021\/10\/Livro-2-1147x1536.jpg 1147w, https:\/\/fbpf.org.br\/site\/wp-content\/uploads\/2021\/10\/Livro-2-1530x2048.jpg 1530w\" sizes=\"auto, (max-width: 150px) 100vw, 150px\" \/> <img loading=\"lazy\" decoding=\"async\" width=\"150\" height=\"210\" class=\"wp-image-2649\" style=\"width: 150px;\" src=\"https:\/\/fbpf.org.br\/site\/wp-content\/uploads\/2021\/10\/Lingua-Francesa_FOU.jpg\" alt=\"Lingua Francesa\" srcset=\"https:\/\/fbpf.org.br\/site\/wp-content\/uploads\/2021\/10\/Lingua-Francesa_FOU.jpg 964w, https:\/\/fbpf.org.br\/site\/wp-content\/uploads\/2021\/10\/Lingua-Francesa_FOU-215x300.jpg 215w, https:\/\/fbpf.org.br\/site\/wp-content\/uploads\/2021\/10\/Lingua-Francesa_FOU-732x1024.jpg 732w, https:\/\/fbpf.org.br\/site\/wp-content\/uploads\/2021\/10\/Lingua-Francesa_FOU-768x1074.jpg 768w\" sizes=\"auto, (max-width: 150px) 100vw, 150px\" \/><br>Ces livres sont le r\u00e9sultat de travaux de recherche engageant des \u00e9tudiants en Gastronomie et en Lettres \u00e0 l\u2019Universit\u00e9 F\u00e9d\u00e9rale de Bahia. Dans le cas des livres sur <em>Les mots de la gastronomie fran\u00e7aise reconnus au Br\u00e9sil<\/em>, nous avons travaill\u00e9 dans le but d\u2019\u00e9laborer des mat\u00e9riels pour l\u2019usage des \u00e9tudiants et des professionnels de la gastronomie, ainsi que pour les curieux des terminologies gastronomiques si employ\u00e9es au Br\u00e9sil. Le livre sur <em>L\u2019enseignement de la langue fran\u00e7aise sur objectif sp\u00e9cifique et universitaire <\/em>envisage de nouvelles possibilit\u00e9s de formation pour les enseignants, et offre des informations fondamentales pour ceux qui s\u2019int\u00e9ressent \u00e0 la mobilit\u00e9 acad\u00e9mique en France.<\/li><li><strong><a rel=\"noreferrer noopener\" href=\"http:\/\/fbpf.org.br\/arquivos\/Carta_FBPF_Direito_a_Educacao_Plurilingue.pdf\" target=\"_blank\">Carta Aberta da Federa\u00e7\u00e3o Brasileira dos Professores de Franc\u00eas pelo Direito a uma Educa\u00e7\u00e3o Plurilingue<\/a><\/strong><\/li><li><strong>Reuni\u00e3o Extraordin\u00e1ria<\/strong> conjunta organizada pela APFERJ e o <strong>F\u00f3rum de Professores de Franc\u00eas<\/strong> &#8211;  segunda-feira, <strong>27\/09\/2021 &#8211; 16:30<\/strong><br>Entrar na reuni\u00e3o Zoom:<br><a rel=\"noreferrer noopener\" href=\"https:\/\/us02web.zoom.us\/j\/2607039491?pwd=UG9rRTN6YzU4NlFTcE9MRWtpNXhXQT09\" target=\"_blank\">https:\/\/us02web.zoom.us\/j\/2607039491?pwd=UG9rRTN6YzU4NlFTcE9MRWtpNXhXQT09<\/a><\/li><li><strong>F\u00f3rum de Professores de Franc\u00eas do Estado do Rio de Janeiro<\/strong><br>Facebook: <a rel=\"noreferrer noopener\" href=\"https:\/\/facebook.com\/forumprofsdefrancesrj\" target=\"_blank\">facebook.com\/forumprofsdefrancesrj<\/a><br>Instagram: <a rel=\"noreferrer noopener\" href=\"https:\/\/instagram.com\/forumprofsdefrancesrj\/?hl=pt-br\" target=\"_blank\">instagram.com\/forumprofsdefrancesrj\/?hl=pt-br<\/a><br>Roda de Conversa :<br><a rel=\"noreferrer noopener\" href=\"https:\/\/bit.ly\/1arodaforum\" target=\"_blank\"><img loading=\"lazy\" decoding=\"async\" width=\"200\" height=\"200\" class=\"wp-image-2523\" style=\"width: 200px;\" src=\"https:\/\/fbpf.org.br\/site\/wp-content\/uploads\/2021\/09\/Roda_conversa_10_09_2021.jpeg\" alt=\"Roda de Conversa - F\u00f3rum de Professores de Franc\u00eas do RJ\" srcset=\"https:\/\/fbpf.org.br\/site\/wp-content\/uploads\/2021\/09\/Roda_conversa_10_09_2021.jpeg 1080w, https:\/\/fbpf.org.br\/site\/wp-content\/uploads\/2021\/09\/Roda_conversa_10_09_2021-300x300.jpeg 300w, https:\/\/fbpf.org.br\/site\/wp-content\/uploads\/2021\/09\/Roda_conversa_10_09_2021-1024x1024.jpeg 1024w, https:\/\/fbpf.org.br\/site\/wp-content\/uploads\/2021\/09\/Roda_conversa_10_09_2021-150x150.jpeg 150w, https:\/\/fbpf.org.br\/site\/wp-content\/uploads\/2021\/09\/Roda_conversa_10_09_2021-768x768.jpeg 768w, https:\/\/fbpf.org.br\/site\/wp-content\/uploads\/2021\/09\/Roda_conversa_10_09_2021-640x640.jpeg 640w\" sizes=\"auto, (max-width: 200px) 100vw, 200px\" \/><\/a><br>Lien: <a rel=\"noreferrer noopener\" href=\"https:\/\/linktr.ee\/forumprofsdefrancesrj?fbclid=IwAR0QbUBgVOBtunDruCY7wTfosfTuD6IAQHVJcKf4aF2fMlrgdNeFrUGYguo\" target=\"_blank\">https:\/\/linktr.ee\/forumprofsdefrancesrj<\/a><\/li><li><a rel=\"noreferrer noopener\" href=\"http:\/\/fbpf.org.br\/arquivos\/req-78-2021-ce.pdf\" target=\"_blank\">Requerimento 78\/2021<\/a><\/li><li><a rel=\"noreferrer noopener\" href=\"https:\/\/forms.camara.leg.br\/ex\/enquetes\/2279282\" target=\"_blank\">Enquete do REQ 78\/2021 CE<\/a> &#8211; Audi\u00eancia P\u00fablica<\/li><\/ul>\n\n\n\n<hr class=\"wp-block-separator is-style-wide\"\/>\n\n\n\n<h2 class=\"wp-block-heading\"><strong>2020<\/strong><\/h2>\n\n\n\n<p><strong>Diretrizes Curriculares Nacionais para a Educa\u00e7\u00e3o Bil\u00edngue<\/strong><\/p>\n\n\n\n<ul class=\"recuo_block wp-block-list\"><li><a rel=\"noreferrer noopener\" href=\"http:\/\/portal.mec.gov.br\/index.php?option=com_docman&amp;view=download&amp;alias=146581-edital-de-chamamento-dcn-s-educacao-bilingue&amp;category_slug=maio-2020-pdf&amp;Itemid=30192\" target=\"_blank\">Edital de Chamamento<\/a><\/li><li><a rel=\"noreferrer noopener\" href=\"http:\/\/portal.mec.gov.br\/index.php?option=com_docman&amp;view=download&amp;alias=146591-edital-de-chamamento-dcn-s-educacao-bilingue-prorrogacao&amp;category_slug=maio-2020-pdf&amp;Itemid=30192\" target=\"_blank\">Edital de Chamamento &#8211; Prorroga\u00e7\u00e3o<\/a><\/li><li><a rel=\"noreferrer noopener\" href=\"http:\/\/portal.mec.gov.br\/index.php?option=com_docman&amp;view=download&amp;alias=146571-texto-referencia-parecer-sobre-educac-a-o-bili-ngue&amp;category_slug=maio-2020-pdf&amp;Itemid=30192\" target=\"_blank\">Texto Refer\u00eancia<\/a><\/li><li><a rel=\"noreferrer noopener\" href=\"http:\/\/portal.mec.gov.br\/index.php?option=com_docman&amp;view=download&amp;alias=146561-formulario-de-contribuicoes-dcn-s-educacao-bilingue&amp;category_slug=maio-2020-pdf&amp;Itemid=30192\" target=\"_blank\">Formul\u00e1rio para contribui\u00e7\u00f5es<\/a><\/li><li><a rel=\"noreferrer noopener\" href=\"http:\/\/www.fbpf.org.br\/arquivos\/contribuicao_FBPF_formulario.pdf\" target=\"_blank\">Documento enviado para participa\u00e7\u00e3o da FBPF na Audi\u00eancia P\u00fablica<\/a><\/li><li><a rel=\"noreferrer noopener\" href=\"http:\/\/www.fbpf.org.br\/arquivos\/pceb002_20.pdf\" target=\"_blank\">Documento Aprovado pelo CNE &#8211; aguardando homologa\u00e7\u00e3o do MEC<\/a><\/li><\/ul>\n","protected":false},"excerpt":{"rendered":"<p>Vous trouverez ici des articles, des pr\u00e9sentations et des informations sur les Politiques Educatives et Lingustiques au Br\u00e9sil. Ces textes seront en fran\u00e7ais et en portugais avec des renseignements sur la politique \u00e9ducative et linguistique au Br\u00e9sil. L\u2019id\u00e9e de mettre \u00e0 la disposition des membres de la FBPF et de la communaut\u00e9 en g\u00e9n\u00e9ral ce<\/p>\n<p class=\"more-link-wrapper\"><a href=\"https:\/\/fbpf.org.br\/site\/pelbresil-informations\/\" class=\"more-link\">Continue de lire<span class=\"screen-reader-text\"> &#8220;P.E.L.Br\u00e9sil \u2013 Informations&#8221;<\/span><\/a><\/p>\n","protected":false},"author":2,"featured_media":0,"parent":0,"menu_order":0,"comment_status":"closed","ping_status":"closed","template":"","meta":{"footnotes":""},"class_list":["post-1152","page","type-page","status-publish","hentry"],"featured_image_src":null,"_links":{"self":[{"href":"https:\/\/fbpf.org.br\/site\/wp-json\/wp\/v2\/pages\/1152","targetHints":{"allow":["GET"]}}],"collection":[{"href":"https:\/\/fbpf.org.br\/site\/wp-json\/wp\/v2\/pages"}],"about":[{"href":"https:\/\/fbpf.org.br\/site\/wp-json\/wp\/v2\/types\/page"}],"author":[{"embeddable":true,"href":"https:\/\/fbpf.org.br\/site\/wp-json\/wp\/v2\/users\/2"}],"replies":[{"embeddable":true,"href":"https:\/\/fbpf.org.br\/site\/wp-json\/wp\/v2\/comments?post=1152"}],"version-history":[{"count":21,"href":"https:\/\/fbpf.org.br\/site\/wp-json\/wp\/v2\/pages\/1152\/revisions"}],"predecessor-version":[{"id":3145,"href":"https:\/\/fbpf.org.br\/site\/wp-json\/wp\/v2\/pages\/1152\/revisions\/3145"}],"wp:attachment":[{"href":"https:\/\/fbpf.org.br\/site\/wp-json\/wp\/v2\/media?parent=1152"}],"curies":[{"name":"wp","href":"https:\/\/api.w.org\/{rel}","templated":true}]}}