{"id":1155,"date":"2020-10-17T14:04:17","date_gmt":"2020-10-17T17:04:17","guid":{"rendered":"http:\/\/fbpf.org.br\/site\/?page_id=1155"},"modified":"2020-10-23T10:31:44","modified_gmt":"2020-10-23T13:31:44","slug":"pelbresil-recherches","status":"publish","type":"page","link":"https:\/\/fbpf.org.br\/site\/pelbresil-recherches\/","title":{"rendered":"P.E.L.Br\u00e9sil \u2013 Recherches"},"content":{"rendered":"\n<p class=\"justify\">Vous trouverez ici des articles, des pr\u00e9sentations et des informations sur les Politiques Educatives et Lingustiques au Br\u00e9sil. Ces textes seront en fran\u00e7ais et en portugais avec des renseignements sur la politique \u00e9ducative et linguistique au Br\u00e9sil. L\u2019id\u00e9e de mettre \u00e0 la disposition des membres de la FBPF et de la communaut\u00e9 en g\u00e9n\u00e9ral ce type de donn\u00e9es est n\u00e9e \u00e0 l\u2019occasion du symposium sur La Vie Associative pendant la XXII\u00e8me \u00e9dition du Congr\u00e8s Br\u00e9silien des Professeurs qui a eu \u00e0 Brasilia, en octobre 2019.<\/p>\n\n\n\n<h3 class=\"wp-block-heading\"><strong>2020<\/strong><\/h3>\n\n\n\n<h4 class=\"wp-block-heading\"><strong>Mars<\/strong><\/h4>\n\n\n\n<ul class=\"recuo_block wp-block-list\"><li><a href=\"http:\/\/www.fbpf.org.br\/arquivos\/repertoire_bresilien_des_directeurs_de_recherches_en_etudes_francaises.pdf\" target=\"_blank\" rel=\"noreferrer noopener\"><strong>R\u00e9pertoire br\u00e9silien des directeurs de recherches en \u00e9tudes de langue fran\u00e7aise<\/strong><\/a><\/li><\/ul>\n\n\n\n<h4 class=\"wp-block-heading\"><strong>Mai<\/strong><\/h4>\n\n\n\n<ul class=\"recuo_block wp-block-list\"><li><strong><a href=\"https:\/\/forms.gle\/MDSj5rPbzPo6G5uHA\" target=\"_blank\" rel=\"noreferrer noopener\">Enqu\u00eate sur l&#8217;enseignement du fran\u00e7ais au Br\u00e9sil (USP)<\/a><br><\/strong>Les premiers r\u00e9sultats seront pr\u00e9sent\u00e9s lors de la XXe Journ\u00e9e de Formation, qui sera enti\u00e8rement virtuelle.<br>Pour plus d&#8217;informations: <a href=\"http:\/\/journeecursoextra.blogspot.com\/\" target=\"_blank\" rel=\"noreferrer noopener\">http:\/\/journeecursoextra.blogspot.com\/<\/a>&nbsp;<\/li><\/ul>\n\n\n\n<h4 class=\"wp-block-heading\"><strong>Septembre<\/strong><\/h4>\n\n\n\n<ul class=\"recuo_block wp-block-list\"><li><strong><a href=\"http:\/\/www.fbpf.org.br\/arquivos\/antipodes-etudes_de_langue_francaise_en_terres_non_francophones.pdf\" target=\"_blank\" rel=\"noreferrer noopener\">APPEL \u00c0 PUBLICATION DE TRAVAUX DE RECHERCHE<\/a><\/strong><br><em>Volume 3, num\u00e9ro 2 &#8211; juillet \/ d\u00e9cembre 2020<\/em><\/li><li><strong><a href=\"http:\/\/www.fbpf.org.br\/arquivos\/appel_au_repertoire_international_des_chercheurs_en_etudes_de_langue_francaise.pdf\" target=\"_blank\" rel=\"noreferrer noopener\">APPEL \u00c0 INSCRIPTIONS<\/a><\/strong><br>au R\u00e9pertoire international des chercheurs en \u00e9tudes de langue fran\u00e7aise<\/li><li><strong><a href=\"http:\/\/www.fbpf.org.br\/arquivos\/edicao_especial_revista_letras_raras_04-09-2020.pdf\" target=\"_blank\" rel=\"noreferrer noopener\">Edi\u00e7\u00e3o Especial da Revista Letras Raras: O ensino do franc\u00eas e a forma\u00e7\u00e3o de professores: reflex\u00f5es, experi\u00eancias e perspectivas<\/a><\/strong><\/li><\/ul>\n\n\n\n<h4 class=\"wp-block-heading\"><strong>Octobre<\/strong><\/h4>\n\n\n\n<ul class=\"recuo_block wp-block-list\"><li><strong>LAALTA &#8211; Pesquisa sobre avalia\u00e7\u00e3o de l\u00ednguas na Am\u00e9rica Latina &#8211; Encuesta Latinoamericana sobre evaluaci\u00f3n de lenguas &#8211; Latin American language assessment survey<\/strong><br><br>Pesquisa sobre avalia\u00e7\u00e3o de l\u00ednguas na Am\u00e9rica Latina, que tem por objetivo investigar o conhecimento relativo \u00e0 avalia\u00e7\u00e3o de l\u00ednguas e \u00e0s necessidades de forma\u00e7\u00e3o de nossos membros de diferentes pa\u00edses latino-americanos. Tal investiga\u00e7\u00e3o contribuir\u00e1 para que possamos propor iniciativas de forma\u00e7\u00e3o continuada em avalia\u00e7\u00e3o de l\u00ednguas (webinars, oficinas, cursos etc) espec\u00edficas para as necessidades dos nossos pa\u00edses.<br>Esta pesquisa tem como p\u00fablico-alvo diferentes protagonistas, como professores de l\u00ednguas, elaboradores de pol\u00edticas p\u00fablicas, formadores de professores, profissionais que atuam no desenvolvimento de exames e\/ou outros instrumentos avaliativos, e pesquisadores da \u00e1rea de avalia\u00e7\u00e3o de l\u00ednguas. Leva cerca de 20 minutos para ser respondida e est\u00e1 dispon\u00edvel em 3 l\u00ednguas:<ul><li><a rel=\"noreferrer noopener\" href=\"https:\/\/forms.gle\/SwqybNd1grChegM77\" target=\"_blank\">Pesquisa em ingl\u00eas<\/a><\/li><li><a rel=\"noreferrer noopener\" href=\"https:\/\/forms.gle\/j5koFwyWeCtdXC4M6\" target=\"_blank\">Pesquisa em portugu\u00eas<\/a><\/li><li><a rel=\"noreferrer noopener\" href=\"https:\/\/forms.gle\/ARYUM8JsjNnVFzkt5\" target=\"_blank\">Pesquisa em espanhol<\/a><\/li><\/ul><\/li><\/ul>\n","protected":false},"excerpt":{"rendered":"<p>Vous trouverez ici des articles, des pr\u00e9sentations et des informations sur les Politiques Educatives et Lingustiques au Br\u00e9sil. Ces textes seront en fran\u00e7ais et en portugais avec des renseignements sur la politique \u00e9ducative et linguistique au Br\u00e9sil. L\u2019id\u00e9e de mettre \u00e0 la disposition des membres de la FBPF et de la communaut\u00e9 en g\u00e9n\u00e9ral ce<\/p>\n<p class=\"more-link-wrapper\"><a href=\"https:\/\/fbpf.org.br\/site\/pelbresil-recherches\/\" class=\"more-link\">Continue de lire<span class=\"screen-reader-text\"> &#8220;P.E.L.Br\u00e9sil \u2013 Recherches&#8221;<\/span><\/a><\/p>\n","protected":false},"author":2,"featured_media":0,"parent":0,"menu_order":0,"comment_status":"closed","ping_status":"closed","template":"","meta":{"footnotes":""},"class_list":["post-1155","page","type-page","status-publish","hentry"],"featured_image_src":null,"_links":{"self":[{"href":"https:\/\/fbpf.org.br\/site\/wp-json\/wp\/v2\/pages\/1155","targetHints":{"allow":["GET"]}}],"collection":[{"href":"https:\/\/fbpf.org.br\/site\/wp-json\/wp\/v2\/pages"}],"about":[{"href":"https:\/\/fbpf.org.br\/site\/wp-json\/wp\/v2\/types\/page"}],"author":[{"embeddable":true,"href":"https:\/\/fbpf.org.br\/site\/wp-json\/wp\/v2\/users\/2"}],"replies":[{"embeddable":true,"href":"https:\/\/fbpf.org.br\/site\/wp-json\/wp\/v2\/comments?post=1155"}],"version-history":[{"count":4,"href":"https:\/\/fbpf.org.br\/site\/wp-json\/wp\/v2\/pages\/1155\/revisions"}],"predecessor-version":[{"id":1302,"href":"https:\/\/fbpf.org.br\/site\/wp-json\/wp\/v2\/pages\/1155\/revisions\/1302"}],"wp:attachment":[{"href":"https:\/\/fbpf.org.br\/site\/wp-json\/wp\/v2\/media?parent=1155"}],"curies":[{"name":"wp","href":"https:\/\/api.w.org\/{rel}","templated":true}]}}