{"id":1174,"date":"2020-10-18T07:59:31","date_gmt":"2020-10-18T10:59:31","guid":{"rendered":"http:\/\/fbpf.org.br\/site\/?page_id=1174"},"modified":"2021-04-21T07:18:31","modified_gmt":"2021-04-21T10:18:31","slug":"stage-quebec","status":"publish","type":"page","link":"https:\/\/fbpf.org.br\/site\/stage-quebec\/","title":{"rendered":"Stage Quebec"},"content":{"rendered":"\n<figure class=\"wp-block-image size-large\"><img loading=\"lazy\" decoding=\"async\" width=\"1024\" height=\"288\" src=\"https:\/\/fbpf.org.br\/site\/wp-content\/uploads\/2021\/04\/banniere-stages-perfectionnement-1024x288.jpg\" alt=\"Bourses du Centre de la francophonie des Am\u00e9riques\" class=\"wp-image-2160\" srcset=\"https:\/\/fbpf.org.br\/site\/wp-content\/uploads\/2021\/04\/banniere-stages-perfectionnement-1024x288.jpg 1024w, https:\/\/fbpf.org.br\/site\/wp-content\/uploads\/2021\/04\/banniere-stages-perfectionnement-300x84.jpg 300w, https:\/\/fbpf.org.br\/site\/wp-content\/uploads\/2021\/04\/banniere-stages-perfectionnement-768x216.jpg 768w, https:\/\/fbpf.org.br\/site\/wp-content\/uploads\/2021\/04\/banniere-stages-perfectionnement.jpg 1215w\" sizes=\"auto, (max-width: 1024px) 100vw, 1024px\" \/><\/figure>\n\n\n\n<p>Le Centre de la francophonie des Am\u00e9riques s\u2019associe \u00e0 l\u2019\u00c9cole de langues de l\u2019Universit\u00e9 Laval (Qu\u00e9bec, Canada) et offre <strong>cinq bourses<\/strong> \u00e0 cinq professeurs de fran\u00e7ais langue \u00e9trang\u00e8re (FLE), fran\u00e7ais langue seconde (FLS) ou \u00e9tudiants de 2<sup>e<\/sup> ou 3<sup>e<\/sup> cycle en didactique du FLE pour suivre un stage de perfectionnement en enseignement. D\u2019une dur\u00e9e de douze jours, ce stage se tiendra <strong>en ligne du&nbsp;5 au 22 juillet 2021<\/strong>.<\/p>\n\n\n\n<p>En savoir plus sur:<a href=\"https:\/\/francophoniedesameriques.com\/vos-services\/programmes\/stages-de-perfectionnement\/occasions-de-stages?utm_source=infolettre&amp;utm_medium=courriel&amp;utm_campaign=infolettre-CFA-14-04-2021\" target=\"_blank\" rel=\"noreferrer noopener\"> https:\/\/francophoniedesameriques.com\/vos-services\/programmes\/stages-de-perfectionnement\/occasions-de-stages<\/a><\/p>\n\n\n\n<hr class=\"wp-block-separator is-style-wide\"\/>\n\n\n\n<div class=\"wp-block-image\"><figure class=\"alignleft size-large is-resized\"><img loading=\"lazy\" decoding=\"async\" src=\"http:\/\/www.fbpf.org.br\/images\/laval.png\" alt=\"Laval\" width=\"127\" height=\"63\"\/><\/figure><\/div>\n\n\n\n<p><a rel=\"noreferrer noopener\" href=\"https:\/\/www.elul.ulaval.ca\/nos-cours\/stage-de-perfectionnement-pour-enseignants-de-fle\/\" target=\"_blank\">Stage de perfectionnement en enseignement du fran\u00e7ais langue \u00e9trang\u00e8re ou seconde<\/a><\/p>\n\n\n\n<hr class=\"wp-block-separator is-style-wide\"\/>\n\n\n\n<p class=\"has-text-align-center\"><img loading=\"lazy\" decoding=\"async\" src=\"http:\/\/www.fbpf.org.br\/images\/quebec2020.jpg\" alt=\"Sele\u00e7\u00e3o Rel\u00e2mpago Quebec\" width=\"624\" height=\"228\"><\/p>\n\n\n\n<p>Ajuda de custo para realiza\u00e7\u00e3o da forma\u00e7\u00e3o profissional, iniciando-se em 6 at\u00e9 15 de julho de 2020, para participa\u00e7\u00e3o de professores aderentes das Associa\u00e7\u00f5es Estaduais e do DF dos Professores de Franc\u00eas \u2013 afiliadas \u00e0 FBPF no ano de 2019 \u2013 na CATEGORIA PROFESSOR \/A.<\/p>\n\n\n\n<ul class=\"recuo_block wp-block-list\"><li><strong><a href=\"http:\/\/www.fbpf.org.br\/arquivos\/FBPF_Edital_01_2020_Formation_Jonquiere_Quebec_final.pdf\" target=\"_blank\" rel=\"noreferrer noopener\">FBPF Edital 01\/2020<\/a><\/strong><\/li><li><strong><a href=\"http:\/\/www.fbpf.org.br\/arquivos\/FBPF_1_2020_ANEXO_1.docx\" target=\"_blank\" rel=\"noreferrer noopener\">Anexo 1<\/a><\/strong><\/li><li><strong><a href=\"http:\/\/www.fbpf.org.br\/arquivos\/FBPF_1_2020_ANEXO_2_VERITE.docx\" target=\"_blank\" rel=\"noreferrer noopener\">Anexo 2<\/a><\/strong><\/li><\/ul>\n\n\n\n<hr class=\"wp-block-separator is-style-wide\"\/>\n\n\n\n<div class=\"wp-block-image\"><figure class=\"alignleft\"><img decoding=\"async\" src=\"http:\/\/www.fbpf.org.br\/images\/mrifce.gif\" alt=\"logo\"\/><\/figure><\/div>\n\n\n\n<p><strong>Stage en didactique du fran\u00e7ais, culture et soci\u00e9t\u00e9 qu\u00e9b\u00e9coises 2014<\/strong>&nbsp;<br><strong>SELECTION Qu\u00e9bec 2014 \u2013 <\/strong>Consultez&nbsp;tous les r\u00e9sultats avec l\u2019Association des Professeurs de Fran\u00e7ais de votre \u00c9tat.<\/p>\n\n\n\n<hr class=\"wp-block-separator is-style-wide\"\/>\n\n\n\n<p><strong>Stage en didactique du fran\u00e7ais, culture et soci\u00e9t\u00e9 qu\u00e9b\u00e9coises 2013<\/strong><br><strong>SELECTION Qu\u00e9bec 2013 \u2013 <\/strong>Consultez&nbsp;tous les r\u00e9sultats avec l\u2019Association des Professeurs de Fran\u00e7ais de votre \u00c9tat.<\/p>\n","protected":false},"excerpt":{"rendered":"<p>Le Centre de la francophonie des Am\u00e9riques s\u2019associe \u00e0 l\u2019\u00c9cole de langues de l\u2019Universit\u00e9 Laval (Qu\u00e9bec, Canada) et offre cinq bourses \u00e0 cinq professeurs de fran\u00e7ais langue \u00e9trang\u00e8re (FLE), fran\u00e7ais langue seconde (FLS) ou \u00e9tudiants de 2e ou 3e cycle en didactique du FLE pour suivre un stage de perfectionnement en enseignement. D\u2019une dur\u00e9e de<\/p>\n<p class=\"more-link-wrapper\"><a href=\"https:\/\/fbpf.org.br\/site\/stage-quebec\/\" class=\"more-link\">Continue de lire<span class=\"screen-reader-text\"> &#8220;Stage Quebec&#8221;<\/span><\/a><\/p>\n","protected":false},"author":2,"featured_media":0,"parent":0,"menu_order":0,"comment_status":"closed","ping_status":"closed","template":"","meta":{"footnotes":""},"class_list":["post-1174","page","type-page","status-publish","hentry"],"featured_image_src":null,"_links":{"self":[{"href":"https:\/\/fbpf.org.br\/site\/wp-json\/wp\/v2\/pages\/1174","targetHints":{"allow":["GET"]}}],"collection":[{"href":"https:\/\/fbpf.org.br\/site\/wp-json\/wp\/v2\/pages"}],"about":[{"href":"https:\/\/fbpf.org.br\/site\/wp-json\/wp\/v2\/types\/page"}],"author":[{"embeddable":true,"href":"https:\/\/fbpf.org.br\/site\/wp-json\/wp\/v2\/users\/2"}],"replies":[{"embeddable":true,"href":"https:\/\/fbpf.org.br\/site\/wp-json\/wp\/v2\/comments?post=1174"}],"version-history":[{"count":6,"href":"https:\/\/fbpf.org.br\/site\/wp-json\/wp\/v2\/pages\/1174\/revisions"}],"predecessor-version":[{"id":2163,"href":"https:\/\/fbpf.org.br\/site\/wp-json\/wp\/v2\/pages\/1174\/revisions\/2163"}],"wp:attachment":[{"href":"https:\/\/fbpf.org.br\/site\/wp-json\/wp\/v2\/media?parent=1174"}],"curies":[{"name":"wp","href":"https:\/\/api.w.org\/{rel}","templated":true}]}}