{"id":148,"date":"2020-09-20T14:30:59","date_gmt":"2020-09-20T17:30:59","guid":{"rendered":"http:\/\/fbpf.org.br\/site\/?page_id=148"},"modified":"2024-08-03T10:20:06","modified_gmt":"2024-08-03T13:20:06","slug":"contact","status":"publish","type":"page","link":"https:\/\/fbpf.org.br\/site\/contact\/","title":{"rendered":"Contact"},"content":{"rendered":"\n<h4 class=\"wp-block-heading\"><strong><br>FBPF &#8211; F\u00c9D\u00c9RATION BR\u00c9SILIENNE DES PROFESSEURS DE FRAN\u00c7AIS<\/strong><br><strong>Bureau 2024-2026<\/strong><\/h4>\n\n\n\n<p><strong>Nos courriers \u00e9l\u00e9troniques:<\/strong><\/p>\n\n\n\n<p><strong>PRESIDENCE: <a href=\"mailto:fbpf.presidente@gmail.com\">fbpf.presidente@gmail.com<\/a><\/strong><\/p>\n\n\n\n<ul class=\"wp-block-list recuo_block\">\n<li><strong>Pr\u00e9sident:<\/strong> Pedro Armando de Almeida Magalh\u00e3es<strong>\u00a0<\/strong>\u2013 APFERJ<\/li>\n\n\n\n<li><strong>Vice-pr\u00e9sidente:<\/strong> Denise Gisele de Britto Damasco<strong>\u00a0<\/strong>\u2013 APFDF<\/li>\n<\/ul>\n\n\n\n<p><strong>SECRETARIAT: <a href=\"mailto:fbpf.secretaria@gmail.com\">fbpf.secretaria@gmail.com<\/a><\/strong><\/p>\n\n\n\n<ul class=\"wp-block-list recuo_block\">\n<li><strong>Premi\u00e8re-secr\u00e9taire:<\/strong> Ticiana Telles Melo<strong>\u00a0<\/strong>\u2013 APFCE<\/li>\n<\/ul>\n\n\n\n<p><strong>COMMUNICATION: <a href=\"mailto:fbpf.communication@gmail.com\">fbpf.communication@gmail.com<\/a><\/strong><\/p>\n\n\n\n<ul class=\"wp-block-list recuo_block\">\n<li><strong>Seconde-secr\u00e9taire:<\/strong> Margarete Nascimento dos Santos<strong>\u00a0<\/strong>\u2013 APFEBA\u00a0<\/li>\n<\/ul>\n\n\n\n<p><strong>TRESORERIE: <a href=\"mailto:fbpf.tesouraria@gmail.com\">fbpf.tesouraria@gmail.com<\/a><\/strong><\/p>\n\n\n\n<ul class=\"wp-block-list recuo_block\">\n<li><strong>Premi\u00e8re-tr\u00e9sori\u00e8re:<\/strong> Andreia Matias Azevedo<strong>\u00a0<\/strong>\u2013 APFERJ\u00a0<\/li>\n\n\n\n<li><strong>Seconde-tr\u00e9sori\u00e8re:<\/strong> Helena Zajaczkowski<strong>\u00a0<\/strong>\u2013 APFRS\u00a0<\/li>\n<\/ul>\n\n\n\n<p><strong>Notre adresse:<\/strong><\/p>\n\n\n\n<p class=\"recuo_block\"><strong>Federa\u00e7\u00e3o Brasileira de Professores de Franc\u00eas &#8211; FBPF<\/strong><br>SHCS CR 516, Bloco B, No 69 &#8211; 1o PAVIMENTO &#8211; Parte: \u201cC0205\u201d<br>CEP 70.381-525<br>Asa Sul &#8211; Bras\u00edlia\/DF<\/p>\n","protected":false},"excerpt":{"rendered":"<p>FBPF &#8211; F\u00c9D\u00c9RATION BR\u00c9SILIENNE DES PROFESSEURS DE FRAN\u00c7AISBureau 2024-2026 Nos courriers \u00e9l\u00e9troniques: PRESIDENCE: fbpf.presidente@gmail.com SECRETARIAT: fbpf.secretaria@gmail.com COMMUNICATION: fbpf.communication@gmail.com TRESORERIE: fbpf.tesouraria@gmail.com Notre adresse: Federa\u00e7\u00e3o Brasileira de Professores de Franc\u00eas &#8211; FBPFSHCS CR 516, Bloco B, No 69 &#8211; 1o PAVIMENTO &#8211; Parte: \u201cC0205\u201dCEP 70.381-525Asa Sul &#8211; Bras\u00edlia\/DF<\/p>\n","protected":false},"author":2,"featured_media":0,"parent":0,"menu_order":0,"comment_status":"closed","ping_status":"closed","template":"","meta":{"footnotes":""},"class_list":["post-148","page","type-page","status-publish","hentry"],"featured_image_src":null,"_links":{"self":[{"href":"https:\/\/fbpf.org.br\/site\/wp-json\/wp\/v2\/pages\/148","targetHints":{"allow":["GET"]}}],"collection":[{"href":"https:\/\/fbpf.org.br\/site\/wp-json\/wp\/v2\/pages"}],"about":[{"href":"https:\/\/fbpf.org.br\/site\/wp-json\/wp\/v2\/types\/page"}],"author":[{"embeddable":true,"href":"https:\/\/fbpf.org.br\/site\/wp-json\/wp\/v2\/users\/2"}],"replies":[{"embeddable":true,"href":"https:\/\/fbpf.org.br\/site\/wp-json\/wp\/v2\/comments?post=148"}],"version-history":[{"count":19,"href":"https:\/\/fbpf.org.br\/site\/wp-json\/wp\/v2\/pages\/148\/revisions"}],"predecessor-version":[{"id":3619,"href":"https:\/\/fbpf.org.br\/site\/wp-json\/wp\/v2\/pages\/148\/revisions\/3619"}],"wp:attachment":[{"href":"https:\/\/fbpf.org.br\/site\/wp-json\/wp\/v2\/media?parent=148"}],"curies":[{"name":"wp","href":"https:\/\/api.w.org\/{rel}","templated":true}]}}