{"id":1806,"date":"2020-11-25T15:10:33","date_gmt":"2020-11-25T18:10:33","guid":{"rendered":"http:\/\/fbpf.org.br\/site\/?page_id=1806"},"modified":"2022-04-12T05:51:20","modified_gmt":"2022-04-12T08:51:20","slug":"partenaires","status":"publish","type":"page","link":"https:\/\/fbpf.org.br\/site\/partenaires\/","title":{"rendered":"Partenaires"},"content":{"rendered":"\n<h2 class=\"wp-block-heading\" id=\"2021\"><strong>2022<\/strong><\/h2>\n\n\n\n<figure class=\"wp-block-table is-style-stripes\"><table><tbody><tr><td><img loading=\"lazy\" decoding=\"async\" width=\"100\" height=\"103\" class=\"wp-image-1942\" style=\"width: 100px;\" src=\"https:\/\/fbpf.org.br\/site\/wp-content\/uploads\/2020\/12\/logoAmb-Brasil.jpg\" alt=\"Embaixada da Fran\u00e7a no Brasil\" srcset=\"https:\/\/fbpf.org.br\/site\/wp-content\/uploads\/2020\/12\/logoAmb-Brasil.jpg 300w, https:\/\/fbpf.org.br\/site\/wp-content\/uploads\/2020\/12\/logoAmb-Brasil-290x300.jpg 290w\" sizes=\"auto, (max-width: 100px) 100vw, 100px\" \/><\/td><td><strong>Ambassade de France au Br\u00e9sil \u2013 Brasilia, Br\u00e9sil<\/strong><br>\u2022 <a href=\"http:\/\/fbpf.org.br\/arquivos\/Catalogue_des_formations_Universite_du_francais.pdf\" target=\"_blank\" rel=\"noreferrer noopener\">Catalogue des Formations de L\u2019Universit\u00e9 du Fran\u00e7ais 2022<\/a><br>\u2022 <a href=\"https:\/\/fbpf.org.br\/site\/noticia\/deuxieme-edition-de-francecolab-brasil-2022\/\">Deuxi\u00e8me \u00e9dition de FrancEcolab Brasil &#8211; 2022<\/a><br>   <a href=\"https:\/\/fbpf.org.br\/site\/noticia\/deuxieme-edition-de-francecolab-brasil-2022\/\"><img loading=\"lazy\" decoding=\"async\" width=\"450\" height=\"165\" class=\"wp-image-3099\" style=\"width: 450px;\" src=\"https:\/\/fbpf.org.br\/site\/wp-content\/uploads\/2022\/03\/FrancEcolab_Brasil.png\" alt=\"FrancEcolab_Brasil\" srcset=\"https:\/\/fbpf.org.br\/site\/wp-content\/uploads\/2022\/03\/FrancEcolab_Brasil.png 1072w, https:\/\/fbpf.org.br\/site\/wp-content\/uploads\/2022\/03\/FrancEcolab_Brasil-300x110.png 300w, https:\/\/fbpf.org.br\/site\/wp-content\/uploads\/2022\/03\/FrancEcolab_Brasil-1024x376.png 1024w, https:\/\/fbpf.org.br\/site\/wp-content\/uploads\/2022\/03\/FrancEcolab_Brasil-768x282.png 768w\" sizes=\"auto, (max-width: 450px) 100vw, 450px\" \/><\/a><\/td><\/tr><tr><td><img loading=\"lazy\" decoding=\"async\" width=\"120\" height=\"42\" class=\"wp-image-2074\" style=\"width: 120px;\" src=\"https:\/\/fbpf.org.br\/site\/wp-content\/uploads\/2021\/03\/Quebec_Bur_SaoPaulo.png\" alt=\"Escrit\u00f3rio do Qu\u00e9bec em S\u00e3o Paulo\" srcset=\"https:\/\/fbpf.org.br\/site\/wp-content\/uploads\/2021\/03\/Quebec_Bur_SaoPaulo.png 4863w, https:\/\/fbpf.org.br\/site\/wp-content\/uploads\/2021\/03\/Quebec_Bur_SaoPaulo-300x104.png 300w, https:\/\/fbpf.org.br\/site\/wp-content\/uploads\/2021\/03\/Quebec_Bur_SaoPaulo-1024x355.png 1024w, https:\/\/fbpf.org.br\/site\/wp-content\/uploads\/2021\/03\/Quebec_Bur_SaoPaulo-768x267.png 768w, https:\/\/fbpf.org.br\/site\/wp-content\/uploads\/2021\/03\/Quebec_Bur_SaoPaulo-1536x533.png 1536w, https:\/\/fbpf.org.br\/site\/wp-content\/uploads\/2021\/03\/Quebec_Bur_SaoPaulo-2048x711.png 2048w\" sizes=\"auto, (max-width: 120px) 100vw, 120px\" \/><\/td><td><strong>Bureau du Qu\u00e9bec \u00e0 S\u00e3o Paulo BQSP &#8211; Escrit\u00f3rio do Qu\u00e9bec em S\u00e3o Paulo<\/strong><br><strong>\u2022 <a href=\"https:\/\/fbpf.org.br\/site\/noticia\/voici-les-laureat-e-s-pour-la-formation-en-ligne-sotaquebec-le-2-9-et-16-avril\/\" data-type=\"post\" data-id=\"3133\">Voici les laur\u00e9at.e.s pour la Formation en Ligne Sotaqu\u00e9bec le 2, 9 et 16 avril !<\/a><\/strong><br>\u2022 <strong><a rel=\"noreferrer noopener\" href=\"http:\/\/fbpf.org.br\/arquivos\/Bourse_Formation_Sotaquebec_2022.pdf\" target=\"_blank\">Bourse Formation Sotaqu\u00e9bec 2022<\/a><\/strong><br><br>\u2022 <a href=\"https:\/\/fbpf.org.br\/site\/noticia\/rencontre-litteraire-croisee-langues-maternelles-et-migrations\/\"><img loading=\"lazy\" decoding=\"async\" width=\"450\" height=\"135\" class=\"wp-image-2993\" style=\"width: 450px;\" src=\"https:\/\/fbpf.org.br\/site\/wp-content\/uploads\/2022\/02\/Affice-webinaire.png\" alt=\"\" srcset=\"https:\/\/fbpf.org.br\/site\/wp-content\/uploads\/2022\/02\/Affice-webinaire.png 2937w, https:\/\/fbpf.org.br\/site\/wp-content\/uploads\/2022\/02\/Affice-webinaire-300x90.png 300w, https:\/\/fbpf.org.br\/site\/wp-content\/uploads\/2022\/02\/Affice-webinaire-1024x307.png 1024w, https:\/\/fbpf.org.br\/site\/wp-content\/uploads\/2022\/02\/Affice-webinaire-768x230.png 768w, https:\/\/fbpf.org.br\/site\/wp-content\/uploads\/2022\/02\/Affice-webinaire-1536x460.png 1536w, https:\/\/fbpf.org.br\/site\/wp-content\/uploads\/2022\/02\/Affice-webinaire-2048x614.png 2048w\" sizes=\"auto, (max-width: 450px) 100vw, 450px\" \/><\/a><br><a rel=\"noreferrer noopener\" href=\"https:\/\/www.instagram.com\/quebecbrasil\/\" target=\"_blank\"><img loading=\"lazy\" decoding=\"async\" width=\"30\" height=\"30\" class=\"wp-image-2266\" style=\"width: 30px;\" src=\"https:\/\/fbpf.org.br\/site\/wp-content\/uploads\/2021\/05\/Instagram-logo.png\" alt=\"Instagram\" srcset=\"https:\/\/fbpf.org.br\/site\/wp-content\/uploads\/2021\/05\/Instagram-logo.png 512w, https:\/\/fbpf.org.br\/site\/wp-content\/uploads\/2021\/05\/Instagram-logo-300x300.png 300w, https:\/\/fbpf.org.br\/site\/wp-content\/uploads\/2021\/05\/Instagram-logo-150x150.png 150w\" sizes=\"auto, (max-width: 30px) 100vw, 30px\" \/><\/a><a rel=\"noreferrer noopener\" href=\"https:\/\/twitter.com\/QuebecBrasil\" target=\"_blank\"><img loading=\"lazy\" decoding=\"async\" width=\"30\" height=\"30\" class=\"wp-image-2268\" style=\"width: 30px;\" src=\"https:\/\/fbpf.org.br\/site\/wp-content\/uploads\/2021\/05\/twitter.png\" alt=\"Twitter\" srcset=\"https:\/\/fbpf.org.br\/site\/wp-content\/uploads\/2021\/05\/twitter.png 1600w, https:\/\/fbpf.org.br\/site\/wp-content\/uploads\/2021\/05\/twitter-300x300.png 300w, https:\/\/fbpf.org.br\/site\/wp-content\/uploads\/2021\/05\/twitter-1024x1024.png 1024w, https:\/\/fbpf.org.br\/site\/wp-content\/uploads\/2021\/05\/twitter-150x150.png 150w, https:\/\/fbpf.org.br\/site\/wp-content\/uploads\/2021\/05\/twitter-768x768.png 768w, https:\/\/fbpf.org.br\/site\/wp-content\/uploads\/2021\/05\/twitter-1536x1536.png 1536w, https:\/\/fbpf.org.br\/site\/wp-content\/uploads\/2021\/05\/twitter-640x640.png 640w, https:\/\/fbpf.org.br\/site\/wp-content\/uploads\/2021\/05\/twitter-1200x1200.png 1200w\" sizes=\"auto, (max-width: 30px) 100vw, 30px\" \/><\/a><a rel=\"noreferrer noopener\" href=\"https:\/\/www.facebook.com\/QuebecnoBrasil\/\" target=\"_blank\"><img loading=\"lazy\" decoding=\"async\" width=\"30\" height=\"30\" class=\"wp-image-2270\" style=\"width: 30px;\" src=\"https:\/\/fbpf.org.br\/site\/wp-content\/uploads\/2021\/05\/facebook.png\" alt=\"Facebook\" srcset=\"https:\/\/fbpf.org.br\/site\/wp-content\/uploads\/2021\/05\/facebook.png 300w, https:\/\/fbpf.org.br\/site\/wp-content\/uploads\/2021\/05\/facebook-150x150.png 150w\" sizes=\"auto, (max-width: 30px) 100vw, 30px\" \/><\/a><\/td><\/tr><\/tbody><\/table><\/figure>\n\n\n\n<h2 class=\"wp-block-heading\" id=\"2021\"><strong>2021<\/strong><\/h2>\n\n\n\n<figure class=\"wp-block-table is-style-stripes\"><table><tbody><tr><td><img loading=\"lazy\" decoding=\"async\" width=\"50\" height=\"52\" class=\"wp-image-1942\" style=\"width: 50px;\" src=\"https:\/\/fbpf.org.br\/site\/wp-content\/uploads\/2020\/12\/logoAmb-Brasil.jpg\" alt=\"Embaixada da Fran\u00e7a no Brasil\" srcset=\"https:\/\/fbpf.org.br\/site\/wp-content\/uploads\/2020\/12\/logoAmb-Brasil.jpg 300w, https:\/\/fbpf.org.br\/site\/wp-content\/uploads\/2020\/12\/logoAmb-Brasil-290x300.jpg 290w\" sizes=\"auto, (max-width: 50px) 100vw, 50px\" \/><\/td><td><strong>Ambassade de France au Br\u00e9sil \u2013 Brasilia, Br\u00e9sil<\/strong><\/td><\/tr><tr><td><img loading=\"lazy\" decoding=\"async\" width=\"50\" height=\"50\" class=\"wp-image-1924\" style=\"width: 50px;\" src=\"https:\/\/fbpf.org.br\/site\/wp-content\/uploads\/2020\/12\/apfa.png\" alt=\"APFA \u2013 Actions pour promouvoir le fran\u00e7ais des affaires\" srcset=\"https:\/\/fbpf.org.br\/site\/wp-content\/uploads\/2020\/12\/apfa.png 396w, https:\/\/fbpf.org.br\/site\/wp-content\/uploads\/2020\/12\/apfa-300x298.png 300w, https:\/\/fbpf.org.br\/site\/wp-content\/uploads\/2020\/12\/apfa-150x150.png 150w\" sizes=\"auto, (max-width: 50px) 100vw, 50px\" \/><\/td><td><strong>APFA \u2013 Actions pour promouvoir le fran\u00e7ais des affaires | Le Mot d&#8217;Or<\/strong><br>\u2022 <a rel=\"noreferrer noopener\" href=\"http:\/\/fbpf.org.br\/arquivos\/lfa_173.pdf\" target=\"_blank\">LFA N\u00ba173 &#8211; 27 septembre 2021<\/a><\/td><\/tr><tr><td><img loading=\"lazy\" decoding=\"async\" width=\"120\" height=\"42\" class=\"wp-image-2074\" style=\"width: 120px;\" src=\"https:\/\/fbpf.org.br\/site\/wp-content\/uploads\/2021\/03\/Quebec_Bur_SaoPaulo.png\" alt=\"Escrit\u00f3rio do Qu\u00e9bec em S\u00e3o Paulo\" srcset=\"https:\/\/fbpf.org.br\/site\/wp-content\/uploads\/2021\/03\/Quebec_Bur_SaoPaulo.png 4863w, https:\/\/fbpf.org.br\/site\/wp-content\/uploads\/2021\/03\/Quebec_Bur_SaoPaulo-300x104.png 300w, https:\/\/fbpf.org.br\/site\/wp-content\/uploads\/2021\/03\/Quebec_Bur_SaoPaulo-1024x355.png 1024w, https:\/\/fbpf.org.br\/site\/wp-content\/uploads\/2021\/03\/Quebec_Bur_SaoPaulo-768x267.png 768w, https:\/\/fbpf.org.br\/site\/wp-content\/uploads\/2021\/03\/Quebec_Bur_SaoPaulo-1536x533.png 1536w, https:\/\/fbpf.org.br\/site\/wp-content\/uploads\/2021\/03\/Quebec_Bur_SaoPaulo-2048x711.png 2048w\" sizes=\"auto, (max-width: 120px) 100vw, 120px\" \/><\/td><td><strong>Bureau du Qu\u00e9bec \u00e0 S\u00e3o Paulo BQSP &#8211; Escrit\u00f3rio do Qu\u00e9bec em S\u00e3o Paulo<\/strong><br><a rel=\"noreferrer noopener\" href=\"https:\/\/evenementrideau.ca\/fr\/delegation-internationale\" target=\"_blank\"><img loading=\"lazy\" decoding=\"async\" width=\"450\" height=\"102\" class=\"wp-image-2131\" style=\"width: 450px;\" src=\"https:\/\/fbpf.org.br\/site\/wp-content\/uploads\/2021\/03\/redeau1.png\" alt=\"RIDEAU: Encontro das Artes Franc\u00f3fonas das Am\u00e9ricas\" srcset=\"https:\/\/fbpf.org.br\/site\/wp-content\/uploads\/2021\/03\/redeau1.png 869w, https:\/\/fbpf.org.br\/site\/wp-content\/uploads\/2021\/03\/redeau1-300x68.png 300w, https:\/\/fbpf.org.br\/site\/wp-content\/uploads\/2021\/03\/redeau1-768x174.png 768w\" sizes=\"auto, (max-width: 450px) 100vw, 450px\" \/><\/a><br>\u2022 <a rel=\"noreferrer noopener\" href=\"https:\/\/evenementrideau.ca\/fr\/delegation-internationale\" target=\"_blank\">https:\/\/evenementrideau.ca\/fr\/delegation-internationale<\/a><br>\u2022 <a rel=\"noreferrer noopener\" href=\"https:\/\/evenementrideau.ca\/fr\/inscription-et-tarifs\" target=\"_blank\">https:\/\/evenementrideau.ca\/fr\/inscription-et-tarifs<\/a><br><a rel=\"noreferrer noopener\" href=\"https:\/\/www.instagram.com\/quebecbrasil\/\" target=\"_blank\"><img loading=\"lazy\" decoding=\"async\" width=\"30\" height=\"30\" class=\"wp-image-2266\" style=\"width: 30px;\" src=\"https:\/\/fbpf.org.br\/site\/wp-content\/uploads\/2021\/05\/Instagram-logo.png\" alt=\"Instagram\" srcset=\"https:\/\/fbpf.org.br\/site\/wp-content\/uploads\/2021\/05\/Instagram-logo.png 512w, https:\/\/fbpf.org.br\/site\/wp-content\/uploads\/2021\/05\/Instagram-logo-300x300.png 300w, https:\/\/fbpf.org.br\/site\/wp-content\/uploads\/2021\/05\/Instagram-logo-150x150.png 150w\" sizes=\"auto, (max-width: 30px) 100vw, 30px\" \/><\/a><a rel=\"noreferrer noopener\" href=\"https:\/\/twitter.com\/QuebecBrasil\" target=\"_blank\"><img loading=\"lazy\" decoding=\"async\" width=\"30\" height=\"30\" class=\"wp-image-2268\" style=\"width: 30px;\" src=\"https:\/\/fbpf.org.br\/site\/wp-content\/uploads\/2021\/05\/twitter.png\" alt=\"Twitter\" srcset=\"https:\/\/fbpf.org.br\/site\/wp-content\/uploads\/2021\/05\/twitter.png 1600w, https:\/\/fbpf.org.br\/site\/wp-content\/uploads\/2021\/05\/twitter-300x300.png 300w, https:\/\/fbpf.org.br\/site\/wp-content\/uploads\/2021\/05\/twitter-1024x1024.png 1024w, https:\/\/fbpf.org.br\/site\/wp-content\/uploads\/2021\/05\/twitter-150x150.png 150w, https:\/\/fbpf.org.br\/site\/wp-content\/uploads\/2021\/05\/twitter-768x768.png 768w, https:\/\/fbpf.org.br\/site\/wp-content\/uploads\/2021\/05\/twitter-1536x1536.png 1536w, https:\/\/fbpf.org.br\/site\/wp-content\/uploads\/2021\/05\/twitter-640x640.png 640w, https:\/\/fbpf.org.br\/site\/wp-content\/uploads\/2021\/05\/twitter-1200x1200.png 1200w\" sizes=\"auto, (max-width: 30px) 100vw, 30px\" \/><\/a><a rel=\"noreferrer noopener\" href=\"https:\/\/www.facebook.com\/QuebecnoBrasil\/\" target=\"_blank\"><img loading=\"lazy\" decoding=\"async\" width=\"30\" height=\"30\" class=\"wp-image-2270\" style=\"width: 30px;\" src=\"https:\/\/fbpf.org.br\/site\/wp-content\/uploads\/2021\/05\/facebook.png\" alt=\"Facebook\" srcset=\"https:\/\/fbpf.org.br\/site\/wp-content\/uploads\/2021\/05\/facebook.png 300w, https:\/\/fbpf.org.br\/site\/wp-content\/uploads\/2021\/05\/facebook-150x150.png 150w\" sizes=\"auto, (max-width: 30px) 100vw, 30px\" \/><\/a><\/td><\/tr><tr><td><img loading=\"lazy\" decoding=\"async\" width=\"50\" height=\"37\" class=\"wp-image-1927\" style=\"width: 50px;\" src=\"https:\/\/fbpf.org.br\/site\/wp-content\/uploads\/2020\/12\/cfa.png\" alt=\"Centre de la Francophonie des Am\u00e9riques\"><\/td><td><strong>Centre de la Francophonie des Am\u00e9riques \u2013 Qu\u00e9bec, Canad\u00e1<\/strong><\/td><\/tr><tr><td><img loading=\"lazy\" decoding=\"async\" width=\"99\" height=\"49\" class=\"wp-image-2354\" style=\"width: 99px;\" src=\"https:\/\/fbpf.org.br\/site\/wp-content\/uploads\/2021\/06\/Logo-FDLM-web.jpg\" alt=\"FDLM\" srcset=\"https:\/\/fbpf.org.br\/site\/wp-content\/uploads\/2021\/06\/Logo-FDLM-web.jpg 1683w, https:\/\/fbpf.org.br\/site\/wp-content\/uploads\/2021\/06\/Logo-FDLM-web-300x150.jpg 300w, https:\/\/fbpf.org.br\/site\/wp-content\/uploads\/2021\/06\/Logo-FDLM-web-1024x510.jpg 1024w, https:\/\/fbpf.org.br\/site\/wp-content\/uploads\/2021\/06\/Logo-FDLM-web-768x383.jpg 768w, https:\/\/fbpf.org.br\/site\/wp-content\/uploads\/2021\/06\/Logo-FDLM-web-1536x766.jpg 1536w\" sizes=\"auto, (max-width: 99px) 100vw, 99px\" \/><\/td><td><strong>CLE Internacional et Revue FDLM<\/strong><br>\u2022 Enseigner le FLE avec le projet &#8211; 29 avril 2021<br>   Inscriptions: <a rel=\"noreferrer noopener\" href=\"https:\/\/www.eventbrite.com.mx\/e\/billets-enseigner-le-fle-avec-le-projet-152203371381\" target=\"_blank\">www.eventbrite.com.mx\/e\/billets-enseigner-le-fle-avec-le-projet-152203371381<\/a><\/td><\/tr><tr><td><img decoding=\"async\" src=\"https:\/\/cuef.univ-grenoble-alpes.fr\/uas\/cuef\/LOGO\/UFR_CUEF_2020-web.jpg\" alt=\"logo-Centre universitaire d'\u00e9tudes fran\u00e7aises\" style=\"width: 80px;\"><\/td><td><strong>CUEF Universit\u00e9 Grenoble Alpes<\/strong><\/td><\/tr><tr><td><img loading=\"lazy\" decoding=\"async\" width=\"50\" height=\"46\" class=\"wp-image-1929\" style=\"width: 50px;\" src=\"https:\/\/fbpf.org.br\/site\/wp-content\/uploads\/2020\/12\/fipf.png\" alt=\" F\u00e9d\u00e9ration Internationale des Professeurs de Fran\u00e7ais\"><\/td><td><strong>F\u00e9d\u00e9ration Internationale des Professeurs de Fran\u00e7ais<\/strong><\/td><\/tr><tr><td><img loading=\"lazy\" decoding=\"async\" width=\"50\" height=\"31\" class=\"wp-image-1931\" style=\"width: 50px;\" src=\"https:\/\/fbpf.org.br\/site\/wp-content\/uploads\/2020\/12\/iprof.png\" alt=\"IF Prof\"><\/td><td><strong>Ifprof Br\u00e9sil \u2013 FBPF Partenaire Institutionnel de la plateforme IPfprof Br\u00e9sil<\/strong><br>\u2022 <a rel=\"noreferrer noopener\" href=\"https:\/\/ifprofs.org\/br\/evenement\/Webinaire-34-CreActivez-vous-Communautes-plurilingues-capsules-video-balados-en-cours-de-FLE\/606e3ebc1e430\" target=\"_blank\">Webinaire #34 &#8211; \u00ab Cr\u00e9Activez-vous : Communaut\u00e9s plurilingues, capsules-vid\u00e9o, balados en cours de FLE \u00bb<\/a><\/td><\/tr><tr><td><img loading=\"lazy\" decoding=\"async\" width=\"80\" height=\"45\" class=\"wp-image-1933\" style=\"width: 80px;\" src=\"https:\/\/fbpf.org.br\/site\/wp-content\/uploads\/2020\/12\/wbi.png\" alt=\"Wallonie-Bruxelles\"><\/td><td><strong>Wallonie Bruxelles- International<\/strong><br>\u2022 <a rel=\"noreferrer noopener\" href=\"https:\/\/docs.google.com\/document\/d\/1tWxmFV10sosJXVo1qkR2sTtH2wtc0bdyesq4OSFTliw\/edit\" target=\"_blank\">Ouvrages en fran\u00e7ais disponibles e D\u00e9couvrez le site Espace Nord<\/a><br>\u2022 <a href=\"http:\/\/www.casaguilhermedealmeida.org.br\/programacao\/ver-programacao.php?_se=ZmJwZi5wcmVzaWRlbnRlQGdtYWlsLmNvbQ%3D%3D&amp;iddata=4979&amp;idprogramacao=1301\" target=\"_blank\" rel=\"noreferrer noopener\">Oficina &#8211; TRADUZINDO LITERATURA BELGA FRANC\u00d3FONA<\/a><\/td><\/tr><\/tbody><\/table><\/figure>\n\n\n\n<h2 class=\"wp-block-heading\" id=\"2020\"><strong>2020<\/strong><\/h2>\n\n\n\n<figure class=\"wp-block-table is-style-stripes\"><table><tbody><tr><td><img loading=\"lazy\" decoding=\"async\" width=\"50\" height=\"52\" class=\"wp-image-1942\" style=\"width: 50px;\" src=\"https:\/\/fbpf.org.br\/site\/wp-content\/uploads\/2020\/12\/logoAmb-Brasil.jpg\" alt=\"Embaixada da Fran\u00e7a no Brasil\" srcset=\"https:\/\/fbpf.org.br\/site\/wp-content\/uploads\/2020\/12\/logoAmb-Brasil.jpg 300w, https:\/\/fbpf.org.br\/site\/wp-content\/uploads\/2020\/12\/logoAmb-Brasil-290x300.jpg 290w\" sizes=\"auto, (max-width: 50px) 100vw, 50px\" \/><\/td><td>Ambassade de France au Br\u00e9sil \u2013 Brasilia, Br\u00e9sil<br>\u2022 <a href=\"https:\/\/www.youtube.com\/watch?v=Y2kUGLKDZ5E\" target=\"_blank\" rel=\"noreferrer noopener\">Live pour le Jour du Prof de Fran\u00e7ais &#8211; YouTube<\/a><\/td><\/tr><tr><td><img loading=\"lazy\" decoding=\"async\" width=\"50\" height=\"50\" class=\"wp-image-1924\" style=\"width: 50px;\" src=\"https:\/\/fbpf.org.br\/site\/wp-content\/uploads\/2020\/12\/apfa.png\" alt=\"APFA \u2013 Actions pour promouvoir le fran\u00e7ais des affaires\" srcset=\"https:\/\/fbpf.org.br\/site\/wp-content\/uploads\/2020\/12\/apfa.png 396w, https:\/\/fbpf.org.br\/site\/wp-content\/uploads\/2020\/12\/apfa-300x298.png 300w, https:\/\/fbpf.org.br\/site\/wp-content\/uploads\/2020\/12\/apfa-150x150.png 150w\" sizes=\"auto, (max-width: 50px) 100vw, 50px\" \/><\/td><td><a rel=\"noreferrer noopener\" href=\"http:\/\/www.fbpf.org.br\/arquivos\/lfa_170.pdf\" target=\"_blank\">APFA \u2013 Actions pour promouvoir le fran\u00e7ais des affaires | Le Mot d&#8217;Or<\/a><\/td><\/tr><tr><td><img loading=\"lazy\" decoding=\"async\" width=\"50\" height=\"37\" class=\"wp-image-1927\" style=\"width: 50px;\" src=\"https:\/\/fbpf.org.br\/site\/wp-content\/uploads\/2020\/12\/cfa.png\" alt=\"Centre de la Francophonie des Am\u00e9riques\"><\/td><td>Centre de la Francophonie des Am\u00e9riques \u2013 Qu\u00e9bec, Canad\u00e1<\/td><\/tr><tr><td><img loading=\"lazy\" decoding=\"async\" width=\"50\" height=\"46\" class=\"wp-image-1929\" style=\"width: 50px;\" src=\"https:\/\/fbpf.org.br\/site\/wp-content\/uploads\/2020\/12\/fipf.png\" alt=\" F\u00e9d\u00e9ration Internationale des Professeurs de Fran\u00e7ais\"><\/td><td>F\u00e9d\u00e9ration internationale des professeurs de fran\u00e7ais<\/td><\/tr><tr><td><img loading=\"lazy\" decoding=\"async\" width=\"50\" height=\"31\" class=\"wp-image-1931\" style=\"width: 50px;\" src=\"https:\/\/fbpf.org.br\/site\/wp-content\/uploads\/2020\/12\/iprof.png\" alt=\"IF Prof\"><\/td><td>Ifprof Br\u00e9sil \u2013 FBPF Partenaire Institutionnel de la plateforme IPfprof Br\u00e9sil<\/td><\/tr><tr><td><img loading=\"lazy\" decoding=\"async\" width=\"80\" height=\"45\" class=\"wp-image-1933\" style=\"width: 80px;\" src=\"https:\/\/fbpf.org.br\/site\/wp-content\/uploads\/2020\/12\/wbi.png\" alt=\"Wallonie-Bruxelles\"><\/td><td>Wallonie Bruxelles- International<br>              \u2022 <a href=\"https:\/\/fbpf.org.br\/site\/noticia\/o-streaming-do-cinema-internacional\/\">O streaming do cinema internacional<\/a><\/td><\/tr><\/tbody><\/table><\/figure>\n\n\n\n<div style=\"height:59px\" aria-hidden=\"true\" class=\"wp-block-spacer\"><\/div>\n\n\n\n<h2 class=\"wp-block-heading\" id=\"2019\"><strong>2019<\/strong><\/h2>\n\n\n\n<p><strong>Partenaires du XXII\u00e8me Congr\u00e8s br\u00e9silien des professeurs de Fran\u00e7ais par ordre alphab\u00e9tique&nbsp;:<\/strong><\/p>\n\n\n\n<ul class=\"wp-block-list\"><li>Accent Fran\u00e7ais \u2013 Montpellier \u2013 France<\/li><li>Alliance fran\u00e7aise de Bras\u00edlia \u2013 Br\u00e9sil<\/li><li>Alliance fran\u00e7aise de Lyon \u2013 France<\/li><li>Alliance fran\u00e7aise de Paris<\/li><li>Ambassade de France au Br\u00e9sil \u2013 Brasilia, Br\u00e9sil<\/li><li>Ambassade de Suisse au Br\u00e9sil<\/li><li>Centre de la Francophonie des Am\u00e9riques \u2013 Qu\u00e9bec, Canad\u00e1<\/li><li>CUEF \u2013 Universit\u00e9 Grenoble Alpes<\/li><li>Drameducation<\/li><li>FINATEC \u2013 Universit\u00e9 de Brasilia, DF, Br\u00e9sil<\/li><li>France Langue<\/li><li>French in Normandy<\/li><li>Groupement FLE<\/li><li>ILA \u2013 Institut Linguistique Adenet \u2013 Montpellier \u2013 France<\/li><li>Institut Fran\u00e7ais<\/li><li>Institut IEFE Universit\u00e9 Paul-Val\u00e9ry Montpellier 3 \u2013 Montpellier \u2013 France<\/li><li>Livraria Francesa<\/li><li>Maison d\u2019\u00e9dition CLE International<\/li><li>Maison d\u2019\u00e9dition DIDIER<\/li><li>Maison d\u2019\u00e9dition Hachette<\/li><li>Maison d\u2019\u00e9dition Samir<\/li><li>MIJE Paris \u2013 France<\/li><li>TV5 Monde<\/li><li>Universit\u00e9 de Bras\u00edlia \u2013 Brasilia, Br\u00e9sil<\/li><li>Universit\u00e9 Catholique de Brasilia<\/li><li>Wallonie Bruxelles- International<\/li><\/ul>\n\n\n\n<div style=\"height:59px\" aria-hidden=\"true\" class=\"wp-block-spacer\"><\/div>\n\n\n\n<h2 class=\"wp-block-heading\" id=\"2018\"><strong>2018<\/strong><\/h2>\n\n\n\n<ul class=\"wp-block-list\"><li><strong>Parceria da FBPF com a UPV :<br>&nbsp;<\/strong><ul><li><a rel=\"noreferrer noopener\" href=\"http:\/\/fbpf.org.br\/arquivos\/iefe2019\/LeIEFE.pdf\" target=\"_blank\">L&#8217;IEFE<\/a><\/li><li><a rel=\"noreferrer noopener\" href=\"http:\/\/fbpf.org.br\/arquivos\/iefe2019\/Objectifs_universitaires.pdf\" target=\"_blank\">COURS INTENSIF \u00abABSOLU FLE : Fran\u00e7ais sur objectif universitaire\u00bb<\/a><\/li><li><a rel=\"noreferrer noopener\" href=\"http:\/\/fbpf.org.br\/arquivos\/iefe2019\/Apprenants-Cours-d_ete.pdf\" target=\"_blank\">Cours d\u2019\u00e9t\u00e9 &#8211; Langue et culture fran\u00e7aises<\/a><\/li><li><a rel=\"noreferrer noopener\" href=\"http:\/\/fbpf.org.br\/arquivos\/iefe2019\/Professeurs-Cours d-ete.pdf\" target=\"_blank\">FORMATION DE FORMATEURS &#8211; TICE ET InTErCulTurEl<\/a><\/li><li><a rel=\"noreferrer noopener\" href=\"http:\/\/fbpf.org.br\/arquivos\/iefe2019\/Theatre-oral.pdf\" target=\"_blank\">Th\u00e9\u00e2tre et Pratique de l\u2019oral<\/a><\/li><li><a rel=\"noreferrer noopener\" href=\"https:\/\/www.dropbox.com\/s\/je6e5kmxdmw4ahf\/VIDEO Semper Dissimilis.mp4?dl=0\" target=\"_blank\">Video 1<\/a><\/li><li><a rel=\"noreferrer noopener\" href=\"https:\/\/www.dropbox.com\/s\/5a2oxd65p8bfdyq\/VIDEO%20Vivre%20l%27international.mov?dl=0\" target=\"_blank\">Video 2<\/a><\/li><\/ul><\/li><\/ul>\n","protected":false},"excerpt":{"rendered":"<p>2022 Ambassade de France au Br\u00e9sil \u2013 Brasilia, Br\u00e9sil\u2022 Catalogue des Formations de L\u2019Universit\u00e9 du Fran\u00e7ais 2022\u2022 Deuxi\u00e8me \u00e9dition de FrancEcolab Brasil &#8211; 2022 Bureau du Qu\u00e9bec \u00e0 S\u00e3o Paulo BQSP &#8211; Escrit\u00f3rio do Qu\u00e9bec em S\u00e3o Paulo\u2022 Voici les laur\u00e9at.e.s pour la Formation en Ligne Sotaqu\u00e9bec le 2, 9 et 16 avril !\u2022 Bourse<\/p>\n<p class=\"more-link-wrapper\"><a href=\"https:\/\/fbpf.org.br\/site\/partenaires\/\" class=\"more-link\">Continue de lire<span class=\"screen-reader-text\"> &#8220;Partenaires&#8221;<\/span><\/a><\/p>\n","protected":false},"author":2,"featured_media":0,"parent":0,"menu_order":0,"comment_status":"closed","ping_status":"closed","template":"","meta":{"footnotes":""},"class_list":["post-1806","page","type-page","status-publish","hentry"],"featured_image_src":null,"_links":{"self":[{"href":"https:\/\/fbpf.org.br\/site\/wp-json\/wp\/v2\/pages\/1806","targetHints":{"allow":["GET"]}}],"collection":[{"href":"https:\/\/fbpf.org.br\/site\/wp-json\/wp\/v2\/pages"}],"about":[{"href":"https:\/\/fbpf.org.br\/site\/wp-json\/wp\/v2\/types\/page"}],"author":[{"embeddable":true,"href":"https:\/\/fbpf.org.br\/site\/wp-json\/wp\/v2\/users\/2"}],"replies":[{"embeddable":true,"href":"https:\/\/fbpf.org.br\/site\/wp-json\/wp\/v2\/comments?post=1806"}],"version-history":[{"count":48,"href":"https:\/\/fbpf.org.br\/site\/wp-json\/wp\/v2\/pages\/1806\/revisions"}],"predecessor-version":[{"id":3175,"href":"https:\/\/fbpf.org.br\/site\/wp-json\/wp\/v2\/pages\/1806\/revisions\/3175"}],"wp:attachment":[{"href":"https:\/\/fbpf.org.br\/site\/wp-json\/wp\/v2\/media?parent=1806"}],"curies":[{"name":"wp","href":"https:\/\/api.w.org\/{rel}","templated":true}]}}