{"id":1970,"date":"2021-02-02T14:03:04","date_gmt":"2021-02-02T17:03:04","guid":{"rendered":"http:\/\/fbpf.org.br\/site\/?page_id=1970"},"modified":"2022-12-02T10:40:46","modified_gmt":"2022-12-02T13:40:46","slug":"assemblees-generales","status":"publish","type":"page","link":"https:\/\/fbpf.org.br\/site\/assemblees-generales\/","title":{"rendered":"Assembl\u00e9es G\u00e9n\u00e9rales"},"content":{"rendered":"\n<h4 class=\"wp-block-heading\">Cet espace est destin\u00e9 \u00e0 la diffusion des appels aux Assembl\u00e9es G\u00e9n\u00e9rales de la FBPF:<\/h4>\n\n\n\n<h2 class=\"wp-block-heading\"><strong><mark style=\"background-color:rgba(0, 0, 0, 0);color:#0f4191\" class=\"has-inline-color\">2022<\/mark><\/strong><\/h2>\n\n\n\n<ul class=\"wp-block-list\">\n<li><a href=\"https:\/\/fbpf.org.br\/site\/wp-content\/uploads\/2022\/12\/Convocacao_AGO_17_dez_2022-VS.pdf\" target=\"_blank\" rel=\"noreferrer noopener\">ASSEMBLEIA GERAL EXTRAORDIN\u00c1RIA \u2013 17\/12\/2022<\/a><\/li>\n\n\n\n<li><a href=\"https:\/\/fbpf.org.br\/site\/noticia\/assembleia-geral-extraordinaria-01-04-2022\/\">ASSEMBLEIA GERAL EXTRAORDIN\u00c1RIA \u2013 01\/04\/2022<\/a><br><\/li>\n\n\n\n<li><a rel=\"noreferrer noopener\" href=\"http:\/\/fbpf.org.br\/arquivos\/Convocacao_AGO_Eleicao_Nova_Diretoria_2022_2024.pdf\" target=\"_blank\">EDITAL DE CONVOCA\u00c7\u00c3O<br>ASSEMBLEIA GERAL ORDIN\u00c1RIA \u2013 ELEI\u00c7\u00c3O DE NOVA DIRETORIA<br>Bras\u00edlia, 17 de mar\u00e7o de 2022<\/a><\/li>\n<\/ul>\n\n\n\n<h2 class=\"wp-block-heading\"><strong><mark style=\"background-color:rgba(0, 0, 0, 0);color:#0f4191\" class=\"has-inline-color\">2021<\/mark><\/strong><\/h2>\n\n\n\n<h2 class=\"wp-block-heading\"><strong><mark style=\"background-color:rgba(0, 0, 0, 0);color:#0f4191\" class=\"has-inline-color\">2020<\/mark><\/strong><\/h2>\n\n\n\n<h2 class=\"wp-block-heading\"><strong><mark style=\"background-color:rgba(0, 0, 0, 0);color:#0f4191\" class=\"has-inline-color\">2019<\/mark><\/strong><\/h2>\n\n\n\n<h2 class=\"wp-block-heading\"><strong><mark style=\"background-color:rgba(0, 0, 0, 0);color:#0f4191\" class=\"has-inline-color\">2018<\/mark><\/strong><\/h2>\n","protected":false},"excerpt":{"rendered":"<p>Cet espace est destin\u00e9 \u00e0 la diffusion des appels aux Assembl\u00e9es G\u00e9n\u00e9rales de la FBPF: 2022 2021 2020 2019 2018<\/p>\n","protected":false},"author":2,"featured_media":0,"parent":0,"menu_order":0,"comment_status":"closed","ping_status":"closed","template":"","meta":{"footnotes":""},"class_list":["post-1970","page","type-page","status-publish","hentry"],"featured_image_src":null,"_links":{"self":[{"href":"https:\/\/fbpf.org.br\/site\/wp-json\/wp\/v2\/pages\/1970","targetHints":{"allow":["GET"]}}],"collection":[{"href":"https:\/\/fbpf.org.br\/site\/wp-json\/wp\/v2\/pages"}],"about":[{"href":"https:\/\/fbpf.org.br\/site\/wp-json\/wp\/v2\/types\/page"}],"author":[{"embeddable":true,"href":"https:\/\/fbpf.org.br\/site\/wp-json\/wp\/v2\/users\/2"}],"replies":[{"embeddable":true,"href":"https:\/\/fbpf.org.br\/site\/wp-json\/wp\/v2\/comments?post=1970"}],"version-history":[{"count":7,"href":"https:\/\/fbpf.org.br\/site\/wp-json\/wp\/v2\/pages\/1970\/revisions"}],"predecessor-version":[{"id":3444,"href":"https:\/\/fbpf.org.br\/site\/wp-json\/wp\/v2\/pages\/1970\/revisions\/3444"}],"wp:attachment":[{"href":"https:\/\/fbpf.org.br\/site\/wp-json\/wp\/v2\/media?parent=1970"}],"curies":[{"name":"wp","href":"https:\/\/api.w.org\/{rel}","templated":true}]}}