{"id":2825,"date":"2021-11-29T14:14:21","date_gmt":"2021-11-29T17:14:21","guid":{"rendered":"http:\/\/fbpf.org.br\/site\/?page_id=2825"},"modified":"2022-03-16T08:48:02","modified_gmt":"2022-03-16T11:48:02","slug":"moveplu","status":"publish","type":"page","link":"https:\/\/fbpf.org.br\/site\/moveplu\/","title":{"rendered":"MOVEPLU"},"content":{"rendered":"\n<ul class=\"wp-block-list\"><li><a href=\"https:\/\/www.apferj.com\/rencontre2022\" target=\"_blank\" rel=\"noreferrer noopener\"><img loading=\"lazy\" decoding=\"async\" width=\"200\" height=\"180\" class=\"wp-image-3052\" style=\"width: 200px;\" src=\"https:\/\/fbpf.org.br\/site\/wp-content\/uploads\/2022\/03\/Webinario_Forum_Moveplu_23_marco_2022.png\" alt=\"\" srcset=\"https:\/\/fbpf.org.br\/site\/wp-content\/uploads\/2022\/03\/Webinario_Forum_Moveplu_23_marco_2022.png 1084w, https:\/\/fbpf.org.br\/site\/wp-content\/uploads\/2022\/03\/Webinario_Forum_Moveplu_23_marco_2022-300x271.png 300w, https:\/\/fbpf.org.br\/site\/wp-content\/uploads\/2022\/03\/Webinario_Forum_Moveplu_23_marco_2022-1024x924.png 1024w, https:\/\/fbpf.org.br\/site\/wp-content\/uploads\/2022\/03\/Webinario_Forum_Moveplu_23_marco_2022-768x693.png 768w\" sizes=\"auto, (max-width: 200px) 100vw, 200px\" \/><\/a><\/li><li><a href=\"https:\/\/fbpf.org.br\/site\/noticia\/reuniao-moveplu-fev-2022\/\">Reuni\u00e3o MOVEPLU \u2013 fev 2022<\/a><\/li><li><a rel=\"noreferrer noopener\" href=\"http:\/\/fbpf.org.br\/arquivos\/Proposta_MOVEPLU_3849-2019.pdf\" target=\"_blank\">Proposta do <strong>Mov<\/strong>imento por uma <strong>E<\/strong>duca\u00e7\u00e3o <strong>Plu<\/strong>ril\u00edngue<\/a><\/li><li><a rel=\"noreferrer noopener\" href=\"http:\/\/fbpf.org.br\/arquivos\/Carta_ao_movimento_Fica_espanhol.pdf\" target=\"_blank\">Carta ao movimento #FicaEspanhol<\/a><\/li><\/ul>\n","protected":false},"excerpt":{"rendered":"<p>Reuni\u00e3o MOVEPLU \u2013 fev 2022 Proposta do Movimento por uma Educa\u00e7\u00e3o Pluril\u00edngue Carta ao movimento #FicaEspanhol<\/p>\n","protected":false},"author":2,"featured_media":0,"parent":0,"menu_order":0,"comment_status":"closed","ping_status":"closed","template":"","meta":{"footnotes":""},"class_list":["post-2825","page","type-page","status-publish","hentry"],"featured_image_src":null,"_links":{"self":[{"href":"https:\/\/fbpf.org.br\/site\/wp-json\/wp\/v2\/pages\/2825","targetHints":{"allow":["GET"]}}],"collection":[{"href":"https:\/\/fbpf.org.br\/site\/wp-json\/wp\/v2\/pages"}],"about":[{"href":"https:\/\/fbpf.org.br\/site\/wp-json\/wp\/v2\/types\/page"}],"author":[{"embeddable":true,"href":"https:\/\/fbpf.org.br\/site\/wp-json\/wp\/v2\/users\/2"}],"replies":[{"embeddable":true,"href":"https:\/\/fbpf.org.br\/site\/wp-json\/wp\/v2\/comments?post=2825"}],"version-history":[{"count":3,"href":"https:\/\/fbpf.org.br\/site\/wp-json\/wp\/v2\/pages\/2825\/revisions"}],"predecessor-version":[{"id":3054,"href":"https:\/\/fbpf.org.br\/site\/wp-json\/wp\/v2\/pages\/2825\/revisions\/3054"}],"wp:attachment":[{"href":"https:\/\/fbpf.org.br\/site\/wp-json\/wp\/v2\/media?parent=2825"}],"curies":[{"name":"wp","href":"https:\/\/api.w.org\/{rel}","templated":true}]}}