{"id":2877,"date":"2021-12-12T08:43:27","date_gmt":"2021-12-12T11:43:27","guid":{"rendered":"http:\/\/fbpf.org.br\/site\/?page_id=2877"},"modified":"2021-12-22T08:04:20","modified_gmt":"2021-12-22T11:04:20","slug":"rencontre-nationale-des-presidents-des-apfs","status":"publish","type":"page","link":"https:\/\/fbpf.org.br\/site\/rencontre-nationale-des-presidents-des-apfs\/","title":{"rendered":"Rencontre Nationale des Pr\u00e9sidents des APFs"},"content":{"rendered":"\n<figure class=\"wp-block-table is-style-stripes\"><table><tbody><tr><td><strong>2021 &#8211; Cuiab\u00e1, MT<\/strong> <br> \ud83d\udc49 <a rel=\"noreferrer noopener\" href=\"http:\/\/fbpf.org.br\/arquivos\/Programme_10e_Rencontre_Presidents_2021.pdf\" target=\"_blank\"><strong>Programme<\/strong><\/a> <\/td><td class=\"has-text-align-right\" data-align=\"right\"><a href=\"https:\/\/fbpf.org.br\/site\/wp-content\/uploads\/2021\/12\/IMG-20211210-WA0042.jpg\" target=\"_blank\" rel=\"noreferrer noopener\"><img loading=\"lazy\" decoding=\"async\" width=\"150\" height=\"111\" class=\"wp-image-2870\" style=\"width: 150px;\" src=\"https:\/\/fbpf.org.br\/site\/wp-content\/uploads\/2021\/12\/IMG-20211210-WA0042.jpg\" alt=\"\" srcset=\"https:\/\/fbpf.org.br\/site\/wp-content\/uploads\/2021\/12\/IMG-20211210-WA0042.jpg 1252w, https:\/\/fbpf.org.br\/site\/wp-content\/uploads\/2021\/12\/IMG-20211210-WA0042-300x222.jpg 300w, https:\/\/fbpf.org.br\/site\/wp-content\/uploads\/2021\/12\/IMG-20211210-WA0042-1024x759.jpg 1024w, https:\/\/fbpf.org.br\/site\/wp-content\/uploads\/2021\/12\/IMG-20211210-WA0042-768x569.jpg 768w\" sizes=\"auto, (max-width: 150px) 100vw, 150px\" \/><\/a><\/td><\/tr><tr><td><strong>2018 &#8211; Bras\u00edlia, DF<\/strong> <\/td><td class=\"has-text-align-right\" data-align=\"right\"><\/td><\/tr><tr><td><strong>2016 &#8211; Londrina, PR<\/strong> <\/td><td class=\"has-text-align-right\" data-align=\"right\"><\/td><\/tr><tr><td><strong>2015 &#8211; Macap\u00e1, AP<\/strong> <\/td><td class=\"has-text-align-right\" data-align=\"right\"><\/td><\/tr><tr><td><strong>2014 &#8211; <strong> Bras\u00edlia, DF<\/strong> <\/strong> <\/td><td class=\"has-text-align-right\" data-align=\"right\"><\/td><\/tr><tr><td><strong>2011 &#8211; Besan\u00e7on, Franche-Comt\u00e9 &#8211; France<\/strong><\/td><td class=\"has-text-align-right\" data-align=\"right\"><a href=\"https:\/\/fbpf.org.br\/site\/wp-content\/uploads\/2021\/12\/DSC06011-scaled.jpg\" target=\"_blank\" rel=\"noreferrer noopener\"><img loading=\"lazy\" decoding=\"async\" width=\"120\" height=\"90\" class=\"wp-image-2906\" style=\"width: 120px;\" src=\"https:\/\/fbpf.org.br\/site\/wp-content\/uploads\/2021\/12\/DSC06011-scaled.jpg\" alt=\"2011 - Besan\u00e7on, Franche-Comt\u00e9 - France\" srcset=\"https:\/\/fbpf.org.br\/site\/wp-content\/uploads\/2021\/12\/DSC06011-scaled.jpg 2560w, https:\/\/fbpf.org.br\/site\/wp-content\/uploads\/2021\/12\/DSC06011-300x225.jpg 300w, https:\/\/fbpf.org.br\/site\/wp-content\/uploads\/2021\/12\/DSC06011-1024x768.jpg 1024w, https:\/\/fbpf.org.br\/site\/wp-content\/uploads\/2021\/12\/DSC06011-768x576.jpg 768w, https:\/\/fbpf.org.br\/site\/wp-content\/uploads\/2021\/12\/DSC06011-1536x1152.jpg 1536w, https:\/\/fbpf.org.br\/site\/wp-content\/uploads\/2021\/12\/DSC06011-2048x1536.jpg 2048w\" sizes=\"auto, (max-width: 120px) 100vw, 120px\" \/><\/a> <a href=\"https:\/\/fbpf.org.br\/site\/wp-content\/uploads\/2021\/12\/540541_120896168045553_100003755119001_101258_818774620_n.jpg\" target=\"_blank\" rel=\"noreferrer noopener\"><img loading=\"lazy\" decoding=\"async\" width=\"120\" height=\"90\" class=\"wp-image-2907\" style=\"width: 120px;\" src=\"https:\/\/fbpf.org.br\/site\/wp-content\/uploads\/2021\/12\/540541_120896168045553_100003755119001_101258_818774620_n.jpg\" alt=\"2011 - Besan\u00e7on, Franche-Comt\u00e9 - France\" srcset=\"https:\/\/fbpf.org.br\/site\/wp-content\/uploads\/2021\/12\/540541_120896168045553_100003755119001_101258_818774620_n.jpg 960w, https:\/\/fbpf.org.br\/site\/wp-content\/uploads\/2021\/12\/540541_120896168045553_100003755119001_101258_818774620_n-300x225.jpg 300w, https:\/\/fbpf.org.br\/site\/wp-content\/uploads\/2021\/12\/540541_120896168045553_100003755119001_101258_818774620_n-768x576.jpg 768w\" sizes=\"auto, (max-width: 120px) 100vw, 120px\" \/><\/a> <a href=\"https:\/\/fbpf.org.br\/site\/wp-content\/uploads\/2021\/12\/599181_301615176608977_689634446_n.jpg\" target=\"_blank\" rel=\"noreferrer noopener\"><img loading=\"lazy\" decoding=\"async\" width=\"120\" height=\"90\" class=\"wp-image-2908\" style=\"width: 120px;\" src=\"https:\/\/fbpf.org.br\/site\/wp-content\/uploads\/2021\/12\/599181_301615176608977_689634446_n.jpg\" alt=\"2011 - Besan\u00e7on, Franche-Comt\u00e9 - France\" srcset=\"https:\/\/fbpf.org.br\/site\/wp-content\/uploads\/2021\/12\/599181_301615176608977_689634446_n.jpg 960w, https:\/\/fbpf.org.br\/site\/wp-content\/uploads\/2021\/12\/599181_301615176608977_689634446_n-300x225.jpg 300w, https:\/\/fbpf.org.br\/site\/wp-content\/uploads\/2021\/12\/599181_301615176608977_689634446_n-768x576.jpg 768w\" sizes=\"auto, (max-width: 120px) 100vw, 120px\" \/><\/a><\/td><\/tr><\/tbody><\/table><\/figure>\n\n\n\n<p><\/p>\n","protected":false},"excerpt":{"rendered":"<p>2021 &#8211; Cuiab\u00e1, MT \ud83d\udc49 Programme 2018 &#8211; Bras\u00edlia, DF 2016 &#8211; Londrina, PR 2015 &#8211; Macap\u00e1, AP 2014 &#8211; Bras\u00edlia, DF 2011 &#8211; Besan\u00e7on, Franche-Comt\u00e9 &#8211; France<\/p>\n","protected":false},"author":2,"featured_media":0,"parent":0,"menu_order":0,"comment_status":"closed","ping_status":"closed","template":"","meta":{"footnotes":""},"class_list":["post-2877","page","type-page","status-publish","hentry"],"featured_image_src":null,"_links":{"self":[{"href":"https:\/\/fbpf.org.br\/site\/wp-json\/wp\/v2\/pages\/2877","targetHints":{"allow":["GET"]}}],"collection":[{"href":"https:\/\/fbpf.org.br\/site\/wp-json\/wp\/v2\/pages"}],"about":[{"href":"https:\/\/fbpf.org.br\/site\/wp-json\/wp\/v2\/types\/page"}],"author":[{"embeddable":true,"href":"https:\/\/fbpf.org.br\/site\/wp-json\/wp\/v2\/users\/2"}],"replies":[{"embeddable":true,"href":"https:\/\/fbpf.org.br\/site\/wp-json\/wp\/v2\/comments?post=2877"}],"version-history":[{"count":10,"href":"https:\/\/fbpf.org.br\/site\/wp-json\/wp\/v2\/pages\/2877\/revisions"}],"predecessor-version":[{"id":2913,"href":"https:\/\/fbpf.org.br\/site\/wp-json\/wp\/v2\/pages\/2877\/revisions\/2913"}],"wp:attachment":[{"href":"https:\/\/fbpf.org.br\/site\/wp-json\/wp\/v2\/media?parent=2877"}],"curies":[{"name":"wp","href":"https:\/\/api.w.org\/{rel}","templated":true}]}}