{"id":880,"date":"2020-10-10T09:03:25","date_gmt":"2020-10-10T12:03:25","guid":{"rendered":"http:\/\/fbpf.org.br\/site\/?page_id=880"},"modified":"2020-12-02T12:57:15","modified_gmt":"2020-12-02T15:57:15","slug":"liens","status":"publish","type":"page","link":"https:\/\/fbpf.org.br\/site\/liens\/","title":{"rendered":"Liens"},"content":{"rendered":"\n<figure class=\"wp-block-table alignleft is-style-stripes\"><table><tbody><tr><td><strong>FIPF<\/strong><br><a rel=\"noreferrer noopener\" href=\"http:\/\/www.fipf.org\/\" target=\"_blank\">www.fipf.org<\/a><br><em>Site de la F\u00e9d\u00e9ration internationale des professeurs de fran\u00e7ais.<\/em><\/td><\/tr><tr><td><strong>Franc Parler<br><\/strong><a rel=\"noreferrer noopener\" href=\"http:\/\/www.francparler.org\" target=\"_blank\">www.francparler.org<\/a><br><em>Site de la communaut\u00e9 mondiale des professeurs de fran\u00e7ais pr\u00e9sentant des resources pour la salle de classe.<\/em><\/td><\/tr><tr><td><strong>Le Fran\u00e7ais dans le monde<br><\/strong><a rel=\"noreferrer noopener\" href=\"http:\/\/www.fdlm.org\" target=\"_blank\">www.fdlm.org<\/a><br><em>Revue de la F\u00e9d\u00e9ration internationale des professeurs de fran\u00e7ais, edit\u00e9e par CLE International.<\/em><\/td><\/tr><tr><td><strong>Organisation internationale de la francophonie<br><\/strong><a href=\"https:\/\/www.francophonie.org\/\" target=\"_blank\" rel=\"noreferrer noopener\">www.francophonie.org<\/a><br><em>L&#8217;Organisation internationale de la Francophonie (OIF) est une institution fond\u00e9e sur le partage d&#8217;une langue et de valeurs communes. Elle compte \u00e0 ce jour 53 Etats et gouvernements membres et a admis 10 observateurs. Elle conduit des actions dans les domaines de la politique internationale et de la coop\u00e9ration multilat\u00e9rale.<\/em><\/td><\/tr><tr><td><strong>Agence intergouvernementale de la francophonie<br><\/strong><a href=\"https:\/\/www.francophonie.org\/\" target=\"_blank\" rel=\"noreferrer noopener\"><\/a><a rel=\"noreferrer noopener\" href=\"http:\/\/www.francophonie.org\" target=\"_blank\">www.francophonie.org<\/a><br><em>L&#8217;Agence intergouvernementale de la Francophonie d\u00e9veloppe des programmes de coop\u00e9ration au service du d\u00e9veloppement dans les domaines de l&#8217;\u00e9ducation, de la culture, des m\u00e9dias, de l&#8217;\u00e9conomie et de la bonne gouvernance entre ses 50 Etats et gouvernements membres.<\/em><\/td><\/tr><tr><td><strong>TV5<br><\/strong><a rel=\"noreferrer noopener\" href=\"http:\/\/www.tv5.org\" target=\"_blank\">www.tv5.org<\/a><br><em>Seule t\u00e9l\u00e9vision en langue fran\u00e7aise disponible dans la quasi-totalit\u00e9 des pays, et troisi\u00e8me cha\u00eene au palmar\u00e8s des t\u00e9l\u00e9visions internationales, TV5 propose 8 signaux &#8220;r\u00e9gionaux&#8221;. Ses grilles (hors grille sp\u00e9cifique TV5 Canada-Qu\u00e9bec) offrent une vingtaine de rendez-vous quotidiens avec l&#8217;information ainsi que du cin\u00e9ma, de la fiction, des \u00e9missions pour la jeunesse, des magazines t\u00e9moignant de la diversit\u00e9 culturelle de ses t\u00e9l\u00e9visions nationales partenaires. TV5, en liaison notamment avec le Cirtef, produit ou diffuse plusieurs magazines originaux consacr\u00e9s aux r\u00e9alit\u00e9s du Sud ainsi qu&#8217;un journal quotidien consacr\u00e9 \u00e0 l&#8217;Afrique, r\u00e9alis\u00e9 par CFI et l&#8217;AITV.<\/em><\/td><\/tr><tr><td><strong>Association internationale des maires francophones<br><\/strong><a rel=\"noreferrer noopener\" href=\"https:\/\/www.aimf.asso.fr\/\" target=\"_blank\">h<\/a><a rel=\"noreferrer noopener\" href=\"https:\/\/www.aimf.asso.fr\/\" target=\"_blank\">ttps:\/\/www.aimf.asso.fr<\/a><br><em>Op\u00e9rateur sp\u00e9cialis\u00e9 dans le d\u00e9veloppement urbain, l&#8217;AIMF rassemble 109 capitales et m\u00e9tropoles de 46 pays francophones. Elle est \u00e0 la fois un forum de concertation entre les maires et un r\u00e9seau de coop\u00e9ration attach\u00e9 \u00e0 renforcer la d\u00e9mocratie locale. Elle r\u00e9alise en outre des projets qui contribuent \u00e0 l&#8217;am\u00e9lioration du bien-\u00eatre des populations et \u00e0 la modernisation de la gestion municipale.<\/em><\/td><\/tr><tr><td><strong>Universit\u00e9 Senghor d&#8217;Alexandrie<br><\/strong><a href=\"http:\/\/www.usenghor-francophonie.org\/\" target=\"_blank\" rel=\"noreferrer noopener\">usenghor.francophonie.org<\/a><br><em>L&#8217;universit\u00e9 internationale en langue fran\u00e7aise au service du d\u00e9veloppement africain, nomm\u00e9e Universit\u00e9 Senghor d&#8217;Alexandrie, a \u00e9t\u00e9 cr\u00e9\u00e9e par le Sommet de Dakar (S\u00e9n\u00e9gal, 1989) qui l&#8217;a reconnue d&#8217;utilit\u00e9 publique internationale. Cette institution de 3e cycle a pour vocation de former et de perfectionner des cadres de la fonction publique et des formateurs francophones de haut niveau et d&#8217;orienter leurs aptitudes vers l&#8217;action et l&#8217;exercice des responsabilit\u00e9s dans certains domaines prioritaires pour le d\u00e9veloppement : gestion de projets, gestion des institutions financi\u00e8res, gestion de l&#8217;environnement, nutrition, sant\u00e9 et gestion du patrimoine culturel.<\/em><\/td><\/tr><tr><td><strong>Agence universitaire de la francophonie<br><\/strong><a rel=\"noreferrer noopener\" href=\"http:\/\/www.auf.org\" target=\"_blank\">www.auf.org<\/a><br><em>Fond\u00e9e \u00e0 Montr\u00e9al (Canada) en 1961, l&#8217;Agence universitaire de la Francophonie (AUF) est une institution multilat\u00e9rale qui soutient la coop\u00e9ration et la solidarit\u00e9 entre les institutions universitaires travaillant en fran\u00e7ais, prioritairement avec les pays francophones d&#8217;Afrique, du Monde arabe, d&#8217;Asie du Sud-Est, d&#8217;Europe centrale et orientale et de la Cara\u00efbe. Elle contribue \u00e9galement au d\u00e9veloppement de l&#8217;enseignement sup\u00e9rieur et de la recherche.<\/em><\/td><\/tr><tr><td><strong>Centre international d&#8217;\u00e9tudes p\u00e9dagogiques<br><\/strong><a rel=\"noreferrer noopener\" href=\"http:\/\/www.ciep.fr\" target=\"_blank\">www.ciep.fr<\/a><br><em>Cr\u00e9e em 1946, le Centre international d&#8217;\u00e9tudes p\u00e9dagogiques contribue au d\u00e9veloppement de la coop\u00e9ration internationale en \u00e9ducation. L&#8217;\u00e9tablissement est reconnu en France et \u00e0 l&#8217;\u00e9tranger pour ses comp\u00e9tences en mati\u00e8re de formation, d&#8217;expertise, de certifications et pour sa r\u00e9flexion dans le domaine de la coop\u00e9ration internationale. Il s&#8217;appuie, pour conduire ses actions, sur le savoir-faire d&#8217;une \u00e9quipe de 200 personnes.<\/em><\/td><\/tr><tr><td><strong>Ambassade de France au Br\u00e9sil<br><\/strong><a href=\"https:\/\/br.ambafrance.org\/\" target=\"_blank\" rel=\"noreferrer noopener\">https:\/\/br.ambafrance.org<\/a><br>&nbsp;<\/td><\/tr><tr><td><strong>Educaserve<br><\/strong><a rel=\"noreferrer noopener\" href=\"http:\/\/www.educaserve.com\" target=\"_blank\">www.educaserve.com<\/a><br><em>Cours de fran\u00e7ais gratuit pour tous niveaux (204 le\u00e7ons et 1020 exercices avec leurs corrig\u00e9s) utilis\u00e9 dans 186 pays.<\/em><\/td><\/tr><tr><td><strong>Encyclop\u00e9die des \u00c9ditions Atlas<br><\/strong><a href=\"https:\/\/www.editionsatlas.fr\/\" target=\"_blank\" rel=\"noreferrer noopener\">www.editionsatlas.fr<\/a><br><em>Les \u00c9ditions Atlas pr\u00e9sentent leur encyclop\u00e9die en ligne. Elle comporte un grand avantage: la consultation et gratuite et simple, il suffit d&#8217;entrer ses coordonn\u00e9es pour acc\u00e9der \u00e0 des articles, des photos, des fiches, des tableaux et des cartes. Il est \u00e9galement possible d&#8217;effectuer une recherche libre par th\u00e8me, par m\u00e9dia ou par concept. Le seul inconv\u00e9nient est que l&#8217;\u00e9cran est inond\u00e9 de publicit\u00e9s et d&#8217;offres diverses, mais il est facile de les ignorer.<\/em><\/td><\/tr><tr><td><strong>Biblioth\u00e8que francophonie et multim\u00e9dia de Limoges<br><\/strong><a rel=\"noreferrer noopener\" href=\"http:\/\/www.bm-limoges.fr\" target=\"_blank\">www.bm-limoges.fr<\/a><br><em>Cliquez sur &#8220;francophonie&#8221; et vou avez acc\u00e8s \u00e0 un syst\u00e8me de pr\u00eat international d&#8217;ouvrages. Frais de port \u00e0 la charge de l&#8217;usager.<\/em><\/td><\/tr><tr><td><strong>L&#8217;Association canadienne des \u00e9tudes de langue fran\u00e7aise<br><\/strong><a href=\"http:\/\/www.acelf.ca\/\" target=\"_blank\" rel=\"noreferrer noopener\">www.acelf.ca<\/a><br><em>L&#8217;agenda de la Francophonie, la banque d&#8217;activit\u00e9s p\u00e9dagogigues, le forum d&#8217;\u00e9changes&#8230;<\/em><\/td><\/tr><tr><td><strong>Francofil: la francophonie acad\u00e9mique, culturelle et scientifique<br><\/strong><a href=\"http:\/\/www.francofil.net\/\" target=\"_blank\" rel=\"noreferrer noopener\">www.francofil.net<\/a><br><em>Malgr\u00e9 l&#8217;overture al\u00e9atoire des pages, vous avez des chances de trouver au cours de votre navigation un certain nombre d&#8217;informations et de liens utiles.<\/em><\/td><\/tr><tr><td><strong>Litt\u00e9rature francophone virtuelle<br><\/strong><a href=\"http:\/\/clicnet.swarthmore.edu\/litterature\/litterature.html\" target=\"_blank\" rel=\"noreferrer noopener\">http:\/\/clicnet.swarthmore.edu\/litterature\/litterature.html<\/a><br><em>Gigantesque portail regroupant un nombre incroyable de sites concernant la litt\u00e9rature \u00e0 proprement parler, mais aussi la critique litt\u00e9raire, les \u00e9crits politiques et la philosophie.<\/em><\/td><\/tr><tr><td><strong>Lire-fran\u00e7ais<br><\/strong>www.lire-francais.com<br><em>Un site remarquable qui propose de vrais produits p\u00e9dagogiques dans un contexte authentique, \u00e0 savoir la langue du quotidien r\u00e9gional Sud-Ouest.<\/em><\/td><\/tr><tr><td>\u00c9ditions Diffusion L&#8217;Harmattan<br><a rel=\"noreferrer noopener\" href=\"https:\/\/www.editions-harmattan.fr\" target=\"_blank\">www.editions-harmattan.fr<\/a><br><img decoding=\"async\" src=\"http:\/\/www.fbpf.org.br\/images\/bruynes.JPG\" alt=\"Bruynes\" width=\"120\"><\/td><\/tr><tr><td>Site de l&#8217;\u00e9crivain Marc Boisson<br><a rel=\"noreferrer noopener\" href=\"http:\/\/www.marcboisson.fr\/\" target=\"_blank\">http:\/\/www.marcboisson.fr\/<\/a><\/td><\/tr><\/tbody><\/table><\/figure>\n\n\n\n<p><\/p>\n","protected":false},"excerpt":{"rendered":"<p>FIPFwww.fipf.orgSite de la F\u00e9d\u00e9ration internationale des professeurs de fran\u00e7ais. Franc Parlerwww.francparler.orgSite de la communaut\u00e9 mondiale des professeurs de fran\u00e7ais pr\u00e9sentant des resources pour la salle de classe. Le Fran\u00e7ais dans le mondewww.fdlm.orgRevue de la F\u00e9d\u00e9ration internationale des professeurs de fran\u00e7ais, edit\u00e9e par CLE International. Organisation internationale de la francophoniewww.francophonie.orgL&#8217;Organisation internationale de la Francophonie (OIF) est<\/p>\n<p class=\"more-link-wrapper\"><a href=\"https:\/\/fbpf.org.br\/site\/liens\/\" class=\"more-link\">Continue de lire<span class=\"screen-reader-text\"> &#8220;Liens&#8221;<\/span><\/a><\/p>\n","protected":false},"author":2,"featured_media":0,"parent":0,"menu_order":0,"comment_status":"closed","ping_status":"closed","template":"","meta":{"footnotes":""},"class_list":["post-880","page","type-page","status-publish","hentry"],"featured_image_src":null,"_links":{"self":[{"href":"https:\/\/fbpf.org.br\/site\/wp-json\/wp\/v2\/pages\/880","targetHints":{"allow":["GET"]}}],"collection":[{"href":"https:\/\/fbpf.org.br\/site\/wp-json\/wp\/v2\/pages"}],"about":[{"href":"https:\/\/fbpf.org.br\/site\/wp-json\/wp\/v2\/types\/page"}],"author":[{"embeddable":true,"href":"https:\/\/fbpf.org.br\/site\/wp-json\/wp\/v2\/users\/2"}],"replies":[{"embeddable":true,"href":"https:\/\/fbpf.org.br\/site\/wp-json\/wp\/v2\/comments?post=880"}],"version-history":[{"count":22,"href":"https:\/\/fbpf.org.br\/site\/wp-json\/wp\/v2\/pages\/880\/revisions"}],"predecessor-version":[{"id":1880,"href":"https:\/\/fbpf.org.br\/site\/wp-json\/wp\/v2\/pages\/880\/revisions\/1880"}],"wp:attachment":[{"href":"https:\/\/fbpf.org.br\/site\/wp-json\/wp\/v2\/media?parent=880"}],"curies":[{"name":"wp","href":"https:\/\/api.w.org\/{rel}","templated":true}]}}