{"id":904,"date":"2020-10-10T16:42:52","date_gmt":"2020-10-10T19:42:52","guid":{"rendered":"http:\/\/fbpf.org.br\/site\/?page_id=904"},"modified":"2020-10-10T16:57:21","modified_gmt":"2020-10-10T19:57:21","slug":"concours-pour-etudiants","status":"publish","type":"page","link":"https:\/\/fbpf.org.br\/site\/concours-pour-etudiants\/","title":{"rendered":"Concours &#8211; Pour \u00e9tudiants"},"content":{"rendered":"\n<h4 class=\"wp-block-heading\">Appel d&#8217;offres pour \u00e9tudiants de fran\u00e7ais<\/h4>\n\n\n\n<p><strong>L\u2019Association du Prix du Jeune \u00c9crivain<\/strong> nous a contact\u00e9s pour faire la diffusion de ce prix prestigieux aupr\u00e8s des jeunes Br\u00e9siliens qui apprennent le fran\u00e7ais. Ce concours peut constituer un tr\u00e8s beau d\u00e9fi \u00e0 relever. Les participants \u00e2g\u00e9s entre 16 et 26 ans ont jusqu\u2019au 4 f\u00e9vrier 2020 pour envoyer leur nouvelle.<\/p>\n\n\n\n<p class=\"recuo_block\"><a rel=\"noreferrer noopener\" href=\"http:\/\/www.pjef.net\/\" target=\"_blank\">www.pjef.net\/<\/a><br><strong><a rel=\"noreferrer noopener\" href=\"http:\/\/www.fbpf.org.br\/arquivos\/Prix_Jeune_2019.jpg\" target=\"_blank\">Lettre de Divulgation<\/a><\/strong><\/p>\n","protected":false},"excerpt":{"rendered":"<p>Appel d&#8217;offres pour \u00e9tudiants de fran\u00e7ais L\u2019Association du Prix du Jeune \u00c9crivain nous a contact\u00e9s pour faire la diffusion de ce prix prestigieux aupr\u00e8s des jeunes Br\u00e9siliens qui apprennent le fran\u00e7ais. Ce concours peut constituer un tr\u00e8s beau d\u00e9fi \u00e0 relever. Les participants \u00e2g\u00e9s entre 16 et 26 ans ont jusqu\u2019au 4 f\u00e9vrier 2020 pour<\/p>\n<p class=\"more-link-wrapper\"><a href=\"https:\/\/fbpf.org.br\/site\/concours-pour-etudiants\/\" class=\"more-link\">Continue de lire<span class=\"screen-reader-text\"> &#8220;Concours &#8211; Pour \u00e9tudiants&#8221;<\/span><\/a><\/p>\n","protected":false},"author":2,"featured_media":0,"parent":0,"menu_order":0,"comment_status":"closed","ping_status":"closed","template":"","meta":{"footnotes":""},"class_list":["post-904","page","type-page","status-publish","hentry"],"featured_image_src":null,"_links":{"self":[{"href":"https:\/\/fbpf.org.br\/site\/wp-json\/wp\/v2\/pages\/904","targetHints":{"allow":["GET"]}}],"collection":[{"href":"https:\/\/fbpf.org.br\/site\/wp-json\/wp\/v2\/pages"}],"about":[{"href":"https:\/\/fbpf.org.br\/site\/wp-json\/wp\/v2\/types\/page"}],"author":[{"embeddable":true,"href":"https:\/\/fbpf.org.br\/site\/wp-json\/wp\/v2\/users\/2"}],"replies":[{"embeddable":true,"href":"https:\/\/fbpf.org.br\/site\/wp-json\/wp\/v2\/comments?post=904"}],"version-history":[{"count":3,"href":"https:\/\/fbpf.org.br\/site\/wp-json\/wp\/v2\/pages\/904\/revisions"}],"predecessor-version":[{"id":908,"href":"https:\/\/fbpf.org.br\/site\/wp-json\/wp\/v2\/pages\/904\/revisions\/908"}],"wp:attachment":[{"href":"https:\/\/fbpf.org.br\/site\/wp-json\/wp\/v2\/media?parent=904"}],"curies":[{"name":"wp","href":"https:\/\/api.w.org\/{rel}","templated":true}]}}