{"id":919,"date":"2020-10-10T17:08:02","date_gmt":"2020-10-10T20:08:02","guid":{"rendered":"http:\/\/fbpf.org.br\/site\/?page_id=919"},"modified":"2020-11-19T08:35:10","modified_gmt":"2020-11-19T11:35:10","slug":"notre-histoire","status":"publish","type":"page","link":"https:\/\/fbpf.org.br\/site\/notre-histoire\/","title":{"rendered":"Notre Histoire"},"content":{"rendered":"\n<p><strong>RESGATANDO A HIST\u00d3RIA DA FBPF<\/strong><\/p>\n\n\n\n<ul class=\"wp-block-list\"><li><strong><a rel=\"noreferrer noopener\" href=\"http:\/\/www.fbpf.org.br\/arquivos\/FDLM_N375_Article_AFSP.pdf\" target=\"_blank\">Fran\u00e7ais dans le monde n\u00b0 375 [2011]<\/a><\/strong><\/li><li><strong><a href=\"https:\/\/fbpf.org.br\/site\/noticia\/soutien-aux-langues-menacees-par-francois-alfonsi-depute-europeen\/\">Soutien aux langues menac\u00e9es \u00bb par Fran\u00e7ois Alfonsi, d\u00e9put\u00e9 Europ\u00e9en<\/a><\/strong><\/li><li><strong>&#8220;Le fran\u00e7ais dans le monde&#8221;, numero 366 [2010] (XVII Congresso Brasileiro em Brasilia)<\/strong><ul><li><a rel=\"noreferrer noopener\" href=\"http:\/\/www.fbpf.org.br\/arquivos\/entretien_Rosalina.pdf\" target=\"_blank\">Donner une nouvelle visibilit\u00e9 \u00e0 la F\u00e9d\u00e9ration \u2192 pag. 12<\/a><\/li><li><a rel=\"noreferrer noopener\" href=\"http:\/\/www.fbpf.org.br\/arquivos\/congres_bresil_1.pdf\" target=\"_blank\">Congr\u00e8s au Br\u00e9sil &#8211; Bras\u00edlia, 2010 \u2192 pag. 14<\/a><\/li><li><a rel=\"noreferrer noopener\" href=\"http:\/\/www.fbpf.org.br\/arquivos\/congres_bresil_2.pdf\" target=\"_blank\">Congr\u00e8s au Br\u00e9sil &#8211; Bras\u00edlia, 2010 \u2192 pag. 15<\/a><\/li><\/ul><\/li><li><strong><a href=\"https:\/\/fbpf.org.br\/site\/noticia\/monsieur-marcio-venicio-barbosa-president-dhonneur-de-la-fbpf-fait-ses-adieux-et-annonce-le-nouveau-bureau\/\">Monsieur M\u00e1rcio Ven\u00edcio Barbosa, Pr\u00e9sident d\u2019honneur de la FBPF, fait ses adieux et annonce le nouveau bureau<\/a><\/strong><\/li><li><strong><a href=\"https:\/\/fbpf.org.br\/site\/video-com-jose-carlos-chaves-cunha-primeiro-presidente-da-fbpf\/\">V\u00eddeo com Jos\u00e9 Carlos Chaves Cunha, primeiro presidente da FBPF<\/a><\/strong><\/li><li><strong><a rel=\"noreferrer noopener\" href=\"http:\/\/www.fbpf.org.br\/arquivos\/Temoignage_Dario_Pagel.pdf\" target=\"_blank\">Texto de Dario Pagel, segundo presidente da FBPF<\/a><\/strong><\/li><\/ul>\n","protected":false},"excerpt":{"rendered":"<p>RESGATANDO A HIST\u00d3RIA DA FBPF Fran\u00e7ais dans le monde n\u00b0 375 [2011] Soutien aux langues menac\u00e9es \u00bb par Fran\u00e7ois Alfonsi, d\u00e9put\u00e9 Europ\u00e9en &#8220;Le fran\u00e7ais dans le monde&#8221;, numero 366 [2010] (XVII Congresso Brasileiro em Brasilia) Donner une nouvelle visibilit\u00e9 \u00e0 la F\u00e9d\u00e9ration \u2192 pag. 12 Congr\u00e8s au Br\u00e9sil &#8211; Bras\u00edlia, 2010 \u2192 pag. 14 Congr\u00e8s<\/p>\n<p class=\"more-link-wrapper\"><a href=\"https:\/\/fbpf.org.br\/site\/notre-histoire\/\" class=\"more-link\">Continue de lire<span class=\"screen-reader-text\"> &#8220;Notre Histoire&#8221;<\/span><\/a><\/p>\n","protected":false},"author":2,"featured_media":0,"parent":0,"menu_order":0,"comment_status":"closed","ping_status":"closed","template":"","meta":{"footnotes":""},"class_list":["post-919","page","type-page","status-publish","hentry"],"featured_image_src":null,"_links":{"self":[{"href":"https:\/\/fbpf.org.br\/site\/wp-json\/wp\/v2\/pages\/919","targetHints":{"allow":["GET"]}}],"collection":[{"href":"https:\/\/fbpf.org.br\/site\/wp-json\/wp\/v2\/pages"}],"about":[{"href":"https:\/\/fbpf.org.br\/site\/wp-json\/wp\/v2\/types\/page"}],"author":[{"embeddable":true,"href":"https:\/\/fbpf.org.br\/site\/wp-json\/wp\/v2\/users\/2"}],"replies":[{"embeddable":true,"href":"https:\/\/fbpf.org.br\/site\/wp-json\/wp\/v2\/comments?post=919"}],"version-history":[{"count":8,"href":"https:\/\/fbpf.org.br\/site\/wp-json\/wp\/v2\/pages\/919\/revisions"}],"predecessor-version":[{"id":1659,"href":"https:\/\/fbpf.org.br\/site\/wp-json\/wp\/v2\/pages\/919\/revisions\/1659"}],"wp:attachment":[{"href":"https:\/\/fbpf.org.br\/site\/wp-json\/wp\/v2\/media?parent=919"}],"curies":[{"name":"wp","href":"https:\/\/api.w.org\/{rel}","templated":true}]}}