{"id":927,"date":"2020-10-10T17:20:50","date_gmt":"2020-10-10T20:20:50","guid":{"rendered":"http:\/\/fbpf.org.br\/site\/?page_id=927"},"modified":"2020-11-17T13:17:10","modified_gmt":"2020-11-17T16:17:10","slug":"bureaux-de-la-fbpf","status":"publish","type":"page","link":"https:\/\/fbpf.org.br\/site\/bureaux-de-la-fbpf\/","title":{"rendered":"Bureaux de la FBPF"},"content":{"rendered":"\n<h4 class=\"wp-block-heading\"><strong>2020 &#8211; 2022<\/strong><\/h4>\n\n\n\n<p class=\"recuo_block\"><br><strong>Pr\u00e9sidente:<\/strong><br>Denise Gisele de Britto Damasco \u2013 APFDF<br><strong>Vice-pr\u00e9sident:<\/strong><br>Dario Fred Pagel \u2013 APFESE\/APFSC<br><strong>Premier S\u00e9cretaire:<\/strong><br>Pedro Armando de Almeida Magalh\u00e3es \u2013 APFERJ<br><strong>2\u00e8me Secr\u00e9taire:<br><\/strong>F\u00e1bio Uchikawa Graziano \u2013 APFESP<br><strong>1\u00e8re tr\u00e9sori\u00e8re:<\/strong><br>Silvia Marques Pires \u2013 APFDF<br><strong>2\u00e8me Tr\u00e9sori\u00e8re:<\/strong><br>Claudia Ozon Caldo &#8211; APFPR<\/p>\n\n\n\n<h4 class=\"wp-block-heading\"><strong><strong>2018 &#8211; 2020<\/strong><\/strong><\/h4>\n\n\n\n<p class=\"recuo_block\"><br><strong>Pr\u00e9sidente:<\/strong><br>Denise Gisele de Britto Damasco \u2013 APFDF<br><strong>Vice-pr\u00e9sident:<\/strong><br>Dario Fred Pagel \u2013 APFESE\/APFSC<br><strong>Premier S\u00e9cretaire:<\/strong><br>Pedro Armando de Almeida Magalh\u00e3es \u2013 APFERJ<br><strong>2\u00e8me Secr\u00e9taire:<\/strong><br>Rosana de A. Correia \u2013<br><strong>1\u00e8re tr\u00e9sori\u00e8re:<\/strong><br>Claudia Ozon Caldo &#8211; APFPR<br><strong>2\u00e8me Tr\u00e9sori\u00e8re:<\/strong><br>Clarissa Laus &#8211; APFSC<\/p>\n\n\n\n<h4 class=\"wp-block-heading\"><strong><strong><strong>2017\/avril 2018 &#8211; Bureau de Transition\/R\u00e9activation de la FBPF<\/strong><\/strong><\/strong><\/h4>\n\n\n\n<p class=\"recuo_block\"><br><strong>Pr\u00e9sidente:<\/strong><br>Denise Gisele de Britto Damasco \u2013 APFDF<br><strong>Vice-pr\u00e9sident:<\/strong><br>Dario Fred Pagel \u2013 APFESE\/APFSC<br><strong>Premier S\u00e9cretaire:<\/strong><br>Pedro Armando de Almeida Magalh\u00e3es \u2013 APFERJ<br><strong>2\u00e8me Secr\u00e9taire:<\/strong><br>Rosana de A. Correia \u2013<br><strong>1\u00e8re tr\u00e9sori\u00e8re:<\/strong><br>Claudia Ozon Caldo &#8211; APFPR<br><strong>2\u00e8me Tr\u00e9sori\u00e8re:<\/strong><br>Clarissa Laus &#8211; APFSC<\/p>\n","protected":false},"excerpt":{"rendered":"<p>2020 &#8211; 2022 Pr\u00e9sidente:Denise Gisele de Britto Damasco \u2013 APFDFVice-pr\u00e9sident:Dario Fred Pagel \u2013 APFESE\/APFSCPremier S\u00e9cretaire:Pedro Armando de Almeida Magalh\u00e3es \u2013 APFERJ2\u00e8me Secr\u00e9taire:F\u00e1bio Uchikawa Graziano \u2013 APFESP1\u00e8re tr\u00e9sori\u00e8re:Silvia Marques Pires \u2013 APFDF2\u00e8me Tr\u00e9sori\u00e8re:Claudia Ozon Caldo &#8211; APFPR 2018 &#8211; 2020 Pr\u00e9sidente:Denise Gisele de Britto Damasco \u2013 APFDFVice-pr\u00e9sident:Dario Fred Pagel \u2013 APFESE\/APFSCPremier S\u00e9cretaire:Pedro Armando de Almeida Magalh\u00e3es<\/p>\n<p class=\"more-link-wrapper\"><a href=\"https:\/\/fbpf.org.br\/site\/bureaux-de-la-fbpf\/\" class=\"more-link\">Continue de lire<span class=\"screen-reader-text\"> &#8220;Bureaux de la FBPF&#8221;<\/span><\/a><\/p>\n","protected":false},"author":2,"featured_media":0,"parent":0,"menu_order":0,"comment_status":"closed","ping_status":"closed","template":"","meta":{"footnotes":""},"class_list":["post-927","page","type-page","status-publish","hentry"],"featured_image_src":null,"_links":{"self":[{"href":"https:\/\/fbpf.org.br\/site\/wp-json\/wp\/v2\/pages\/927","targetHints":{"allow":["GET"]}}],"collection":[{"href":"https:\/\/fbpf.org.br\/site\/wp-json\/wp\/v2\/pages"}],"about":[{"href":"https:\/\/fbpf.org.br\/site\/wp-json\/wp\/v2\/types\/page"}],"author":[{"embeddable":true,"href":"https:\/\/fbpf.org.br\/site\/wp-json\/wp\/v2\/users\/2"}],"replies":[{"embeddable":true,"href":"https:\/\/fbpf.org.br\/site\/wp-json\/wp\/v2\/comments?post=927"}],"version-history":[{"count":9,"href":"https:\/\/fbpf.org.br\/site\/wp-json\/wp\/v2\/pages\/927\/revisions"}],"predecessor-version":[{"id":1631,"href":"https:\/\/fbpf.org.br\/site\/wp-json\/wp\/v2\/pages\/927\/revisions\/1631"}],"wp:attachment":[{"href":"https:\/\/fbpf.org.br\/site\/wp-json\/wp\/v2\/media?parent=927"}],"curies":[{"name":"wp","href":"https:\/\/api.w.org\/{rel}","templated":true}]}}