{"id":954,"date":"2020-10-11T10:23:25","date_gmt":"2020-10-11T13:23:25","guid":{"rendered":"http:\/\/fbpf.org.br\/site\/?page_id=954"},"modified":"2021-05-26T07:39:00","modified_gmt":"2021-05-26T10:39:00","slug":"projets","status":"publish","type":"page","link":"https:\/\/fbpf.org.br\/site\/projets\/","title":{"rendered":"Projets"},"content":{"rendered":"\n<h4 class=\"wp-block-heading\"><strong>2021<\/strong><\/h4>\n\n\n\n<ol class=\"wp-block-list\"><li><strong>Projet APFs L\u00e9gales:<\/strong><ul><li><em>Action &#8220;Connaissons-nous la loi sur la protection des donn\u00e9es personnelles?&#8221;&nbsp;<\/em>&#8211; Rencontre avec un sp\u00e9cialiste le 19 f\u00e9vrier &#8211; \u00e0 17, Cha\u00eene YouTube de la BFPF &#8211; \u00e0 suivre<br><\/li><\/ul><\/li><li><strong>Projet Communication<\/strong>:<ul><li><a href=\"https:\/\/fbpf.org.br\/site\/noticia\/les-impacts-quotidiens-de-la-loi-de-protection-des-donnees-dans-nos-vies\/\"><em>Action FBPF en Direct<\/em>&nbsp;&#8211; Live avec Luciano Loureiro sur la loi de protection des donn\u00e9es<\/a><\/li><li><em>Action La FBPF en Direct<\/em>: Live pour le lancement de la vid\u00e9o de la II JIPF 2020 et lancement du Calendrier des Activit\u00e9s 2021 &#8211; Le 08 f\u00e9vrier<br>Lien : <a rel=\"noreferrer noopener\" href=\"https:\/\/youtu.be\/9ABK0boWX7A\" target=\"_blank\">https:\/\/youtu.be\/9ABK0boWX7A<\/a><br>Partenariat: Ambassade de France et la FIPF<\/li><li>Action FBPF en Direct: Live Le Balado et la Radio \u2013 le 18 mars<br>FBPF en direct: Balado et Radio &#8211; YouTube<br><a href=\"https:\/\/www.youtube.com\/watch?v=R2-6IUBBYUY\" target=\"_blank\" rel=\"noreferrer noopener\">https:\/\/www.youtube.com\/watch?v=R2-6IUBBYUY<\/a><\/li><\/ul><\/li><\/ol>\n\n\n\n<ol class=\"wp-block-list\" start=\"3\"><li><strong>Projet Formation Continue<\/strong><ul><li><a href=\"https:\/\/fbpf.org.br\/site\/noticia\/journee-dechanges-le-francais-comme-langue-etrangere-professionnelle-appliquee\/\">Action Journ\u00e9e d&#8217;\u00c9changes: Le fran\u00e7ais comme langue \u00e9trang\u00e8re professionnelle appliqu\u00e9e<\/a><\/li><li><a href=\"https:\/\/fbpf.org.br\/site\/noticia\/master-fle-universite-des-antilles-6-bourses-offertes\/\">Master FLE 2021 (voir Appels)<\/a><\/li><li><a href=\"https:\/\/fbpf.org.br\/site\/stages\/wbi\/la-wbi-vous-invite-a-participer-a-cet-appel-2021-une-bourse-offerte-pour-une-formation-a-distance-aout-2021\/\">Partenariat WBI (voir Appels)<\/a><\/li><\/ul><\/li><\/ol>\n\n\n\n<div style=\"height:42px\" aria-hidden=\"true\" class=\"wp-block-spacer\"><\/div>\n\n\n\n<h4 class=\"wp-block-heading\"><strong>2020<\/strong><\/h4>\n\n\n\n<h5 class=\"wp-block-heading\"><strong>1. Partenariat avec l&#8217;Ambassade de France au Br\u00e9sil :<\/strong><\/h5>\n\n\n\n<ul class=\"wp-block-list\"><li><strong>Projet APFs L\u00e9gales<\/strong><\/li><li><strong>Projet Communication<\/strong><ul><li><em>Action Ifprof Br\u00e9sil<\/em><\/li><li><em>Action Journ\u00e9e Internationale des Professeurs de Fran\u00e7ais 2020<\/em><\/li><li><em>Action Nouveau Site de la FBPF<\/em><\/li><li><em>Action Parole aux Associations des Professeurs de Fran\u00e7ais<\/em><ul><li><a rel=\"noreferrer noopener\" href=\"http:\/\/www.fbpf.org.br\/arquivos\/Invitation_reunion_bureau_FBPF_APFs_03_juillet_v2.pdf\" target=\"_blank\">Invitation \u00e0 la rencontre entre la FBPF et les APF &#8211; 03\/07\/2020<\/a><\/li><li><a rel=\"noreferrer noopener\" href=\"http:\/\/www.fbpf.org.br\/arquivos\/Invitation_10_juillet_FBPF_Parole_APF.pdf\" target=\"_blank\">Invitation &#8211; Parole aux Associations des Professeurs de Fran\u00e7ais et la FBPF &#8211; 10\/07\/2020<\/a><\/li><li><a rel=\"noreferrer noopener\" href=\"http:\/\/www.fbpf.org.br\/arquivos\/Invitation_07_et_14_aout_Parole_APF.pdf\" target=\"_blank\">Invitation &#8211; Parole aux Associations des Professeurs de Fran\u00e7ais et la FBPF &#8211; 07 et 14\/07\/2020<\/a><\/li><li><a rel=\"noreferrer noopener\" href=\"http:\/\/www.fbpf.org.br\/arquivos\/le_11_et_le_18_septembre_2020.pdf\" target=\"_blank\">Parole aux Associations des Professeurs de Fran\u00e7ais et la FBPF &#8211; 11 et 18\/09\/2020<\/a><\/li><li><a rel=\"noreferrer noopener\" href=\"http:\/\/www.fbpf.org.br\/arquivos\/Invitation_11_et_18_septembre_Parole_APF_2020.pdf\" target=\"_blank\">Invitation &#8211; Parole aux Associations des Professeurs de Fran\u00e7ais et la FBPF &#8211; 11 et 18\/09\/2020<\/a><\/li><\/ul><\/li><\/ul><\/li><\/ul>\n\n\n\n<ul class=\"wp-block-list\"><li><strong>Projet Formation Continue<\/strong><ul><li><em>Action BELC Montevideo \u2013 Uruguay<\/em><\/li><li><em>Action Congr\u00e8s Mondial des Professeurs de Fran\u00e7ais en Tunisie &#8211; FIPF<\/em><\/li><li><em>Action Doctorat en France<\/em><\/li><li><em>Action \u00c9ducation Bilingue au Br\u00e9sil<\/em><\/li><li><em>Action Le Programme du Lectorat au Br\u00e9sil<\/em><\/li><li><em>Action Master FLE \u2013 Universit\u00e9 des Antilles<\/em><\/li><li><em><a rel=\"noreferrer noopener\" href=\"http:\/\/fbpf.org.br\/arquivos\/profle+_rencontre_virtuelle_03-08.pdf\" target=\"_blank\">Action PROFLE +<\/a><\/em><\/li><li><em>Action X Rencontre Nationale des Pr\u00e9sidents des APFs \u00e0 Cuiaba (MT) \u2013 APFMT<\/em><\/li><\/ul><\/li><\/ul>\n\n\n\n<div style=\"height:27px\" aria-hidden=\"true\" class=\"wp-block-spacer\"><\/div>\n\n\n\n<h5 class=\"wp-block-heading\"><strong><strong>2. Partenariat avec le Centre de Recherche Interuniversitaire sur la formation et profession enseignante (CRIFPE) \/ subvention CNPq &#8211; Denise Gisele de Britto Damasco<\/strong><\/strong><\/h5>\n\n\n\n<ul class=\"recuo_block wp-block-list\"><li><strong>Projet Formation Continue<\/strong><ul><li><em>Action Congr\u00e8s sur la formation enseignante &#8211; Antenne CRIFPE Br\u00e9sil &#8211; Appel CNPq n. 04\/2019 &#8211; \u00e9v\u00e8nement mondial<\/em><\/li><\/ul><\/li><\/ul>\n\n\n\n<p><\/p>\n","protected":false},"excerpt":{"rendered":"<p>2021 Projet APFs L\u00e9gales: Action &#8220;Connaissons-nous la loi sur la protection des donn\u00e9es personnelles?&#8221;&nbsp;&#8211; Rencontre avec un sp\u00e9cialiste le 19 f\u00e9vrier &#8211; \u00e0 17, Cha\u00eene YouTube de la BFPF &#8211; \u00e0 suivre Projet Communication: Action FBPF en Direct&nbsp;&#8211; Live avec Luciano Loureiro sur la loi de protection des donn\u00e9es Action La FBPF en Direct: Live<\/p>\n<p class=\"more-link-wrapper\"><a href=\"https:\/\/fbpf.org.br\/site\/projets\/\" class=\"more-link\">Continue de lire<span class=\"screen-reader-text\"> &#8220;Projets&#8221;<\/span><\/a><\/p>\n","protected":false},"author":2,"featured_media":0,"parent":0,"menu_order":0,"comment_status":"closed","ping_status":"closed","template":"","meta":{"footnotes":""},"class_list":["post-954","page","type-page","status-publish","hentry"],"featured_image_src":null,"_links":{"self":[{"href":"https:\/\/fbpf.org.br\/site\/wp-json\/wp\/v2\/pages\/954","targetHints":{"allow":["GET"]}}],"collection":[{"href":"https:\/\/fbpf.org.br\/site\/wp-json\/wp\/v2\/pages"}],"about":[{"href":"https:\/\/fbpf.org.br\/site\/wp-json\/wp\/v2\/types\/page"}],"author":[{"embeddable":true,"href":"https:\/\/fbpf.org.br\/site\/wp-json\/wp\/v2\/users\/2"}],"replies":[{"embeddable":true,"href":"https:\/\/fbpf.org.br\/site\/wp-json\/wp\/v2\/comments?post=954"}],"version-history":[{"count":42,"href":"https:\/\/fbpf.org.br\/site\/wp-json\/wp\/v2\/pages\/954\/revisions"}],"predecessor-version":[{"id":2315,"href":"https:\/\/fbpf.org.br\/site\/wp-json\/wp\/v2\/pages\/954\/revisions\/2315"}],"wp:attachment":[{"href":"https:\/\/fbpf.org.br\/site\/wp-json\/wp\/v2\/media?parent=954"}],"curies":[{"name":"wp","href":"https:\/\/api.w.org\/{rel}","templated":true}]}}