{"id":977,"date":"2020-10-12T08:17:47","date_gmt":"2020-10-12T11:17:47","guid":{"rendered":"http:\/\/fbpf.org.br\/site\/?page_id=977"},"modified":"2020-10-17T14:20:16","modified_gmt":"2020-10-17T17:20:16","slug":"congres-mondiaux","status":"publish","type":"page","link":"https:\/\/fbpf.org.br\/site\/congres-mondiaux\/","title":{"rendered":"Congr\u00e8s Mondiaux"},"content":{"rendered":"\n<p class=\"has-white-color has-text-color has-background\" style=\"background-color:#fdd4ae\"><strong>XXV CONGR\u00c8S MONDIAL DES PROFESSEURS DE FRAN\u00c7AIS<\/strong><br><strong>Nabeul, Tunisie, juillet 2020<\/strong><br><strong>Information officielle sur le changement de date du congr\u00e8s\u2013 2021<\/strong><br><strong><a rel=\"noreferrer noopener\" href=\"http:\/\/www.fbpf.org.br\/arquivos\/Changement_date_Congres_Tunisie_2020.pdf\" target=\"_blank\">-&gt; Lettre du Pr\u00e9sident de la FIPF le 1er avril 2020<\/a><\/strong><\/p>\n\n\n\n<p><img loading=\"lazy\" decoding=\"async\" src=\"http:\/\/www.fbpf.org.br\/images\/XVCM_Tunisia_prorrogado.jpg\" alt=\"\" width=\"775\" height=\"380\"><\/p>\n\n\n\n<ul class=\"wp-block-list\"><li><strong>DERNIERE LIGNE DROITE POUR L&#8217;APPEL \u00c0 COMMUNICATION<br><\/strong>Vou avez jusqu&#8217;au lundi 09 decembre pour d\u00e9poser votre soumission par ici <a href=\"http:\/\/bit.ly\/2ksjyBu\" target=\"_blank\" rel=\"noreferrer noopener\">http:\/\/bit.ly\/2ksjyBu<\/a><\/li><li><strong><a href=\"http:\/\/fipf.org\/actualite\/xve-congres-mondial-de-la-fipf-les-resultats-de-la-1ere-session-de-l%E2%80%99appel-communication-s\" target=\"_blank\" rel=\"noreferrer noopener\">NOUVELLES &#8211; CONGR\u00c8S MONDIAL<\/a><\/strong><\/li><\/ul>\n\n\n\n<hr class=\"wp-block-separator\"\/>\n\n\n\n<figure class=\"wp-block-image\"><a href=\"http:\/\/fipf.org\/actualite\/lappel-communication-pour-le-xve-congres-mondial-de-la-fipf-est-prolonge\" target=\"_blank\" rel=\"noreferrer noopener\"><img decoding=\"async\" src=\"http:\/\/www.fbpf.org.br\/images\/XVCM_Tunisia.jpg\" alt=\"XVCM_Tunisia\"\/><\/a><\/figure>\n\n\n\n<h2 class=\"wp-block-heading\">Appel \u00e0 communication pour le XV Congr\u00e8s mondial de la FIPF &#8211; 10 &#8211; 15 Juillet 2020, Yasmine-Hammamet, Tunisie<\/h2>\n\n\n\n<p><strong>\u00ab&nbsp;Le fran\u00e7ais langue de partage&nbsp;\u00bb&nbsp;<\/strong><br><strong>Les symposiums scientifiques, didactiques et p\u00e9dagogiques<\/strong><\/p>\n\n\n\n<p>Les Sommets des chefs d\u2019\u00c9tats des pays de la Francophonie ont adopt\u00e9, sur proposition du Pr\u00e9sident Fran\u00e7ois Mitterrand, l\u2019expression \u00ab&nbsp;pays ayant le fran\u00e7ais en partage&nbsp;\u00bb afin de rendre compte, \u00e0 la fois, de ce qui unit ces pays et des statuts et situations diff\u00e9rents qu\u2019y conna\u00eet la langue fran\u00e7aise et d\u2019insister, par le recours \u00e0 la notion de partage, sur le mouvement volontaire d\u2019adh\u00e9sion \u00e0 l\u2019usage du fran\u00e7ais et la solidarit\u00e9 que ce partage induit&#8230;<\/p>\n\n\n\n<p><a href=\"http:\/\/fipf.org\/actualite\/lappel-communication-pour-le-xve-congres-mondial-de-la-fipf-est-prolonge\" target=\"_blank\" rel=\"noreferrer noopener\"><strong>Lire plus +<\/strong><\/a><\/p>\n\n\n\n<hr class=\"wp-block-separator\"\/>\n\n\n\n<figure class=\"wp-block-image\"><img decoding=\"async\" src=\"http:\/\/www.fbpf.org.br\/images\/liege2016.png\" alt=\"Liege 2016\"\/><\/figure>\n\n\n\n<h2 class=\"wp-block-heading\"><strong>Un rendez-vous \u00e0 ne pas manquer\u2026<\/strong><\/h2>\n\n\n\n<p>Le XIVe Congr\u00e8s mondial de la F\u00e9d\u00e9ration internationale des professeurs de fran\u00e7ais se tiendra du 14 au 21 juillet 2016, \u00e0 Li\u00e8ge, la ville la plus au Nord de toute la francophonie, mais connue depuis toujours comme \u00ab Cit\u00e9 ardente \u00bb.<br>Le Congr\u00e8s sera structur\u00e9 en huit symposiums cibl\u00e9s sur des th\u00e8mes brulants, qui relaient le \u00ab Livre blanc \u00bb pr\u00e9par\u00e9 par la FIPF. Chacun d\u00e9bouchera sur des r\u00e9solutions qui permettront de p\u00e9renniser les r\u00e9sultats de la rencontre et de pr\u00e9parer l\u2019avenir. L\u2019Association belge des Professeurs de fran\u00e7ais (ABPF) s\u2019associe \u00e0 trois partenaires li\u00e9geois \u2014 la Ville, l\u2019Universit\u00e9, la Province \u2014 pour faire de cet \u00e9v\u00e9nement une f\u00eate chaleureuse qui fera date. Surfez sur les pages par lesquelles le Comit\u00e9 organisateur vous fait d\u2019ores et d\u00e9j\u00e0 d\u00e9couvrir Li\u00e8ge telle qu\u2019il la voit :<\/p>\n\n\n\n<p>PLUS D\u2019INFO: <a href=\"http:\/\/www.fipf-liege-2016.be\/\" target=\"_blank\" rel=\"noreferrer noopener\">www.fipf-liege-2016.be<\/a><\/p>\n\n\n\n<hr class=\"wp-block-separator\"\/>\n\n\n\n<figure class=\"wp-block-image\"><a href=\"http:\/\/www.caslt.org\/conference15\/conference2015_fr.php\" target=\"_blank\" rel=\"noreferrer noopener\"><img decoding=\"async\" src=\"http:\/\/www.fbpf.org.br\/images\/congres_mondial_2015.png\" alt=\"Congr\u00e8s Mondial des Langues Vivantes\"\/><\/a><\/figure>\n\n\n\n<h2 class=\"wp-block-heading\"><strong>Congr\u00e8s mondial des langues vivantes 2015 :<br>la collaboration au-del\u00e0 des langues et des fronti\u00e8res<\/strong><br><\/h2>\n\n\n\n<p>Le Congr\u00e8s mondial des langues vivantes se tiendra entre le 26 et le 28 mars 2015 \u00e0 Niagara Falls, Ontario (Canada) gr\u00e2ce \u00e0 la collaboration&nbsp;entre la F\u00e9d\u00e9ration internationale des professeurs de langues vivantes (FIPLV), l&#8217;Association ontarienne des professeurs de langues vivantes (AOPLV) et l&#8217;Association canadienne des professeurs de langues secondes (ACPLS).<\/p>\n\n\n\n<p>PLUS D&#8217;INFO:&nbsp;<a href=\"http:\/\/www.caslt.org\/conference15\/conference2015_fr.php\" target=\"_blank\" rel=\"noreferrer noopener\">http:\/\/www.caslt.org\/conference15\/conference2015_fr.php<\/a><\/p>\n\n\n\n<hr class=\"wp-block-separator\"\/>\n\n\n\n<p><a href=\"http:\/\/amifram.com\/congres\/\" target=\"_blank\" rel=\"noreferrer noopener\"><\/a><\/p>\n\n\n\n<h2 class=\"wp-block-heading\"><strong>L&#8217;<em>AMIFRAM \u2013<\/em> Asociaci\u00f3n de Maestros e Investigadores de Franc\u00e9s de M\u00e9xico, A.C.<\/strong><\/h2>\n\n\n\n<p>A le plaisir de vous informer que son congr\u00e8s bisannuel aura lieu cette ann\u00e9e, les 23, 24 et 25 octobre \u00e0 l\u2019Universidad del Caribe \u00e0 Canc\u00fan, Quintana Roo.<\/p>\n\n\n\n<p>Cet \u00e9v\u00e9nement sera, une fois de plus, l&#8217;occasion non seulement de r\u00e9unir tous les enseignants et \u00e9tudiants oeuvrant \u00e0 la diffusion du fran\u00e7ais et des cultures francophones au Mexique et ailleurs, mais aussi de rencontrer des sp\u00e9cialistes nationaux et internationaux qui s&#8217;interrogent sur les notions de globalisation, homog\u00e9n\u00e9isation et contextualisation en didactique des langues et des cultures, tant sur le plan des pratiques que sur celui de l\u2019\u00e9thique. PLUS D&#8217;INFO: <a href=\"http:\/\/amifram.com\/congres\/\" target=\"_blank\" rel=\"noreferrer noopener\">http:\/\/amifram.com\/congres\/<\/a><\/p>\n\n\n\n<hr class=\"wp-block-separator\"\/>\n\n\n\n<h2 class=\"wp-block-heading\"><a href=\"http:\/\/heredia2014.fipf.org\/\" target=\"_blank\" rel=\"noreferrer noopener\"><\/a>XVI SEDIFRALE &#8211; COSTA RICA 2014<\/h2>\n\n\n\n<p>Le Costa Rica est tr\u00e8s heureux d\u00b4accueillir&nbsp;<strong>du 4 au 7 f\u00e9vrier 2014<\/strong>&nbsp;les XVI\u00e8mes SEDIFRALE, le congr\u00e8s r\u00e9gional des professeurs de fran\u00e7ais pour l\u00b4Am\u00e9rique latine et la Cara\u00efbe. Organis\u00e9es par la F\u00e9d\u00e9ration internationale des professeurs de fran\u00e7ais (FIPF), l\u2019Association costaricienne des professeurs de fran\u00e7ais (ACOPROF) et la Commission pour&nbsp;l\u00b4Am\u00e9rique latine et la Cara\u00efbe (COPALC), les XVI\u00e8mes SEDIFRALE auront pour devise \u00ab le fran\u00e7ais naturellement \u00bb et traiteront, selon six axes, des principales th\u00e9matiques de l\u00b4enseignement et de la recherche en fran\u00e7ais langue \u00e9trang\u00e8re.<\/p>\n\n\n\n<p>PLUS D\u2019INFO: <a href=\"http:\/\/heredia2014.fipf.org\/\">http:\/\/heredia2014.fipf.org\/<\/a><\/p>\n","protected":false},"excerpt":{"rendered":"<p>XXV CONGR\u00c8S MONDIAL DES PROFESSEURS DE FRAN\u00c7AISNabeul, Tunisie, juillet 2020Information officielle sur le changement de date du congr\u00e8s\u2013 2021-&gt; Lettre du Pr\u00e9sident de la FIPF le 1er avril 2020 DERNIERE LIGNE DROITE POUR L&#8217;APPEL \u00c0 COMMUNICATIONVou avez jusqu&#8217;au lundi 09 decembre pour d\u00e9poser votre soumission par ici http:\/\/bit.ly\/2ksjyBu NOUVELLES &#8211; CONGR\u00c8S MONDIAL Appel \u00e0 communication<\/p>\n<p class=\"more-link-wrapper\"><a href=\"https:\/\/fbpf.org.br\/site\/congres-mondiaux\/\" class=\"more-link\">Continue de lire<span class=\"screen-reader-text\"> &#8220;Congr\u00e8s Mondiaux&#8221;<\/span><\/a><\/p>\n","protected":false},"author":2,"featured_media":0,"parent":0,"menu_order":0,"comment_status":"closed","ping_status":"closed","template":"","meta":{"footnotes":""},"class_list":["post-977","page","type-page","status-publish","hentry"],"featured_image_src":null,"_links":{"self":[{"href":"https:\/\/fbpf.org.br\/site\/wp-json\/wp\/v2\/pages\/977","targetHints":{"allow":["GET"]}}],"collection":[{"href":"https:\/\/fbpf.org.br\/site\/wp-json\/wp\/v2\/pages"}],"about":[{"href":"https:\/\/fbpf.org.br\/site\/wp-json\/wp\/v2\/types\/page"}],"author":[{"embeddable":true,"href":"https:\/\/fbpf.org.br\/site\/wp-json\/wp\/v2\/users\/2"}],"replies":[{"embeddable":true,"href":"https:\/\/fbpf.org.br\/site\/wp-json\/wp\/v2\/comments?post=977"}],"version-history":[{"count":6,"href":"https:\/\/fbpf.org.br\/site\/wp-json\/wp\/v2\/pages\/977\/revisions"}],"predecessor-version":[{"id":995,"href":"https:\/\/fbpf.org.br\/site\/wp-json\/wp\/v2\/pages\/977\/revisions\/995"}],"wp:attachment":[{"href":"https:\/\/fbpf.org.br\/site\/wp-json\/wp\/v2\/media?parent=977"}],"curies":[{"name":"wp","href":"https:\/\/api.w.org\/{rel}","templated":true}]}}